{"id":15182,"date":"2023-06-15T15:23:39","date_gmt":"2023-06-15T13:23:39","guid":{"rendered":"https:\/\/www.elegantour.com\/%d1%8d%d0%ba%d1%81%d0%ba%d1%83%d1%80%d1%81%d0%b8%d0%b8\/"},"modified":"2024-07-04T20:29:53","modified_gmt":"2024-07-04T18:29:53","slug":"%d1%8d%d0%ba%d1%81%d0%ba%d1%83%d1%80%d1%81%d0%b8%d0%b8","status":"publish","type":"page","link":"https:\/\/www.elegantour.com\/ru\/%d1%8d%d0%ba%d1%81%d0%ba%d1%83%d1%80%d1%81%d0%b8%d0%b8\/","title":{"rendered":"\u00d0\u00ad\u00d0\u00ba\u00d1\u0081\u00d0\u00ba\u00d1\u0192\u00d1\u20ac\u00d1\u0081\u00d0\u00b8\u00d0\u00b8"},"content":{"rendered":"\t\t<div data-elementor-type=\"wp-page\" data-elementor-id=\"15182\" class=\"elementor elementor-15182 elementor-11114\">\n\t\t\t\t\t\t<div class=\"elementor-section elementor-top-section elementor-element elementor-element-7ef335af elementor-section-height-min-height elementor-section-stretched elementor-section-boxed elementor-section-height-default elementor-section-items-middle\" data-id=\"7ef335af\" data-element_type=\"section\" data-settings=\"{&quot;stretch_section&quot;:&quot;section-stretched&quot;,&quot;background_background&quot;:&quot;slideshow&quot;,&quot;background_motion_fx_translateY_effect&quot;:&quot;yes&quot;,&quot;background_motion_fx_devices&quot;:[&quot;desktop&quot;,&quot;tablet&quot;],&quot;background_slideshow_gallery&quot;:[{&quot;id&quot;:2068,&quot;url&quot;:&quot;https:\\\/\\\/demo2wpopal.b-cdn.net\\\/triply\\\/wp-content\\\/uploads\\\/2020\\\/11\\\/h2_bg.jpg&quot;},{&quot;id&quot;:1341,&quot;url&quot;:&quot;https:\\\/\\\/demo2wpopal.b-cdn.net\\\/triply\\\/wp-content\\\/uploads\\\/2020\\\/11\\\/home4_image-4.jpg&quot;},{&quot;id&quot;:1349,&quot;url&quot;:&quot;https:\\\/\\\/demo2wpopal.b-cdn.net\\\/triply\\\/wp-content\\\/uploads\\\/2020\\\/11\\\/home4_image-5.jpg&quot;}],&quot;background_slideshow_transition_duration&quot;:400,&quot;background_slideshow_ken_burns&quot;:&quot;yes&quot;,&quot;background_slideshow_loop&quot;:&quot;yes&quot;,&quot;background_slideshow_slide_duration&quot;:5000,&quot;background_slideshow_slide_transition&quot;:&quot;fade&quot;,&quot;background_slideshow_ken_burns_zoom_direction&quot;:&quot;in&quot;,&quot;background_motion_fx_translateY_speed&quot;:{&quot;unit&quot;:&quot;px&quot;,&quot;size&quot;:4,&quot;sizes&quot;:[]},&quot;background_motion_fx_translateY_affectedRange&quot;:{&quot;unit&quot;:&quot;%&quot;,&quot;size&quot;:&quot;&quot;,&quot;sizes&quot;:{&quot;start&quot;:0,&quot;end&quot;:100}}}\">\n\t\t\t\t\t\t\t<div class=\"elementor-background-overlay\"><\/div>\n\t\t\t\t\t\t\t<div class=\"elementor-container elementor-column-gap-no\">\n\t\t\t\t\t<div class=\"elementor-column elementor-col-100 elementor-top-column elementor-element elementor-element-701572f0\" data-id=\"701572f0\" data-element_type=\"column\">\n\t\t\t<div class=\"elementor-widget-wrap elementor-element-populated\">\n\t\t\t\t\t\t<div class=\"elementor-element elementor-element-285ca488 elementor-widget elementor-widget-heading\" data-id=\"285ca488\" data-element_type=\"widget\" data-widget_type=\"heading.default\">\n\t\t\t\t<div class=\"elementor-widget-container\">\n\t\t\t\t\t<h2 class=\"elementor-heading-title elementor-size-default\">\u041d\u0410\u0428\u0418 \u042d\u041a\u0421\u041a\u0423\u0420\u0421\u0418\u0418<\/h2>\t\t\t\t<\/div>\n\t\t\t\t<\/div>\n\t\t\t\t<div class=\"elementor-element elementor-element-3a9a4f86 elementor-widget elementor-widget-text-editor\" data-id=\"3a9a4f86\" data-element_type=\"widget\" data-widget_type=\"text-editor.default\">\n\t\t\t\t<div class=\"elementor-widget-container\">\n\t\t\t\t\t\t\t\t\t<p>\u041f\u043e\u0434\u0440\u043e\u0431\u043d\u0435\u0435<\/p>\n\t\t\t\t\t\t\t\t<\/div>\n\t\t\t\t<\/div>\n\t\t\t\t\t<\/div>\n\t\t<\/div>\n\t\t\t\t\t<\/div>\n\t\t<\/div>\n\t\t\t\t<div class=\"elementor-section elementor-top-section elementor-element elementor-element-79043bf7 elementor-section-boxed elementor-section-height-default elementor-section-height-default\" data-id=\"79043bf7\" data-element_type=\"section\">\n\t\t\t\t\t\t<div class=\"elementor-container elementor-column-gap-no\">\n\t\t\t\t\t<div class=\"elementor-column elementor-col-50 elementor-top-column elementor-element elementor-element-1815e368\" data-id=\"1815e368\" data-element_type=\"column\">\n\t\t\t<div class=\"elementor-widget-wrap elementor-element-populated\">\n\t\t\t\t\t\t<div class=\"elementor-element elementor-element-4f54dd2a elementor-widget elementor-widget-heading\" data-id=\"4f54dd2a\" data-element_type=\"widget\" data-widget_type=\"heading.default\">\n\t\t\t\t<div class=\"elementor-widget-container\">\n\t\t\t\t\t<h2 class=\"elementor-heading-title elementor-size-default\">\u041f\u0440\u043e\u0447\u0443\u0432\u0441\u0442\u0432\u0443\u0439\u0442\u0435 \u0441 \u043d\u0430\u043c\u0438<\/h2>\t\t\t\t<\/div>\n\t\t\t\t<\/div>\n\t\t\t\t<div class=\"elementor-element elementor-element-68f4b94a elementor-widget__width-initial elementor-widget elementor-widget-heading\" data-id=\"68f4b94a\" data-element_type=\"widget\" data-widget_type=\"heading.default\">\n\t\t\t\t<div class=\"elementor-widget-container\">\n\t\t\t\t\t<h2 class=\"elementor-heading-title elementor-size-default\">\u041d\u0435\u0437\u0430\u0431\u044b\u0432\u0430\u0435\u043c\u044b\u0435 \u0432\u043f\u0435\u0447\u0430\u0442\u043b\u0435\u043d\u0438\u044f<\/h2>\t\t\t\t<\/div>\n\t\t\t\t<\/div>\n\t\t\t\t<div class=\"elementor-element elementor-element-721b95e9 elementor-widget__width-initial elementor-widget-mobile__width-inherit elementor-widget elementor-widget-text-editor\" data-id=\"721b95e9\" data-element_type=\"widget\" data-widget_type=\"text-editor.default\">\n\t\t\t\t<div class=\"elementor-widget-container\">\n\t\t\t\t\t\t\t\t\t<p>EleganTour luxury \u043f\u0440\u0435\u0434\u043b\u0430\u0433\u0430\u0435\u0442 \u0433\u043e\u0441\u0442\u044f\u043c \u0448\u0438\u0440\u043e\u043a\u0438\u0439 \u0432\u044b\u0431\u043e\u0440 \u044d\u043a\u0441\u043a\u0443\u0440\u0441\u0438\u0439, \u043f\u043b\u0430\u043d\u0438\u0440\u0443\u044f \u0438\u043d\u0434\u0438\u0432\u0438\u0434\u0443\u0430\u043b\u044c\u043d\u044b\u0435 \u043c\u0430\u0440\u0448\u0440\u0443\u0442\u044b \u043f\u043e \u0441\u0430\u043c\u044b\u043c \u043d\u0435\u0437\u0430\u0431\u044b\u0432\u0430\u0435\u043c\u044b\u043c \u043c\u0435\u0441\u0442\u0430\u043c \u0421\u0438\u0446\u0438\u043b\u0438\u0438 \u0438 \u0434\u043e\u043b\u0438\u043d\u044b \u0410\u043e\u0441\u0442\u044b, \u0447\u0442\u043e\u0431\u044b \u0432\u044b \u043c\u043e\u0433\u043b\u0438 \u043e\u0442\u043a\u0440\u044b\u0442\u044c \u0434\u043b\u044f \u0441\u0435\u0431\u044f \u043a\u0430\u0436\u0434\u044b\u0439 \u0441\u0435\u043a\u0440\u0435\u0442 \u043d\u0430\u0448\u0438\u0445 \u0432\u0435\u043b\u0438\u043a\u043e\u043b\u0435\u043f\u043d\u044b\u0445 \u043c\u0435\u0441\u0442. <\/p>\n\t\t\t\t\t\t\t\t<\/div>\n\t\t\t\t<\/div>\n\t\t\t\t<div class=\"elementor-section elementor-inner-section elementor-element elementor-element-2e0f0139 elementor-section-full_width elementor-section-height-default elementor-section-height-default\" data-id=\"2e0f0139\" data-element_type=\"section\">\n\t\t\t\t\t\t<div class=\"elementor-container elementor-column-gap-no\">\n\t\t\t\t\t<div class=\"elementor-column elementor-col-50 elementor-inner-column elementor-element elementor-element-27e12cca\" data-id=\"27e12cca\" data-element_type=\"column\">\n\t\t\t<div class=\"elementor-widget-wrap elementor-element-populated\">\n\t\t\t\t\t\t<div class=\"elementor-element elementor-element-2af8f414 elementor-widget elementor-widget-image\" data-id=\"2af8f414\" data-element_type=\"widget\" data-widget_type=\"image.default\">\n\t\t\t\t<div class=\"elementor-widget-container\">\n\t\t\t\t\t\t\t\t\t\t\t\t\t\t\t<img decoding=\"async\" src=\"https:\/\/demo2wpopal.b-cdn.net\/triply\/wp-content\/uploads\/2022\/09\/h7_img3.png\" title=\"\" alt=\"\" loading=\"lazy\" \/>\t\t\t\t\t\t\t\t\t\t\t\t\t\t\t<\/div>\n\t\t\t\t<\/div>\n\t\t\t\t\t<\/div>\n\t\t<\/div>\n\t\t\t\t<div class=\"elementor-column elementor-col-50 elementor-inner-column elementor-element elementor-element-7a62908\" data-id=\"7a62908\" data-element_type=\"column\">\n\t\t\t<div class=\"elementor-widget-wrap elementor-element-populated\">\n\t\t\t\t\t\t<div class=\"elementor-element elementor-element-6e2b5a25 elementor-widget elementor-widget-text-editor\" data-id=\"6e2b5a25\" data-element_type=\"widget\" data-widget_type=\"text-editor.default\">\n\t\t\t\t<div class=\"elementor-widget-container\">\n\t\t\t\t\t\t\t\t\t<p><em>&#171;\u0427\u0435\u0440\u0435\u0437 \u0434\u0432\u0430\u0434\u0446\u0430\u0442\u044c \u043b\u0435\u0442 \u0432\u044b \u0431\u0443\u0434\u0435\u0442\u0435 \u0431\u043e\u043b\u0435\u0435 \u0441\u043e\u0436\u0430\u043b\u0435\u0442\u044c \u043e \u0442\u043e\u043c, \u0447\u0442\u043e \u043d\u0435 \u0441\u0434\u0435\u043b\u0430\u043b\u0438, \u0447\u0435\u043c \u043e\u0442 \u0442\u043e\u043c, \u0447\u0442\u043e \u0432\u044b \u0441\u0434\u0435\u043b\u0430\u043b\u0438. \u041f\u043e\u044d\u0442\u043e\u043c\u0443 \u043e\u0442\u0431\u0440\u043e\u0441\u044c\u0442\u0435 \u0441\u043e\u043c\u043d\u0435\u043d\u0438\u044f, \u0432\u044b\u0439\u0434\u0438\u0442\u0435 \u0438\u0437 \u0431\u0435\u0437\u043e\u043f\u0430\u0441\u043d\u043e\u0439 \u0433\u0430\u0432\u0430\u043d\u0438, \u043f\u043e\u0439\u043c\u0430\u0439\u0442\u0435 \u043f\u043e\u043f\u0443\u0442\u043d\u044b\u0439 \u0432\u0435\u0442\u0435\u0440 \u0441\u0432\u043e\u0438\u043c\u0438 \u043f\u0430\u0440\u0443\u0441\u0430\u043c\u0438. \u0418\u0441\u0441\u043b\u0435\u0434\u0443\u0439\u0442\u0435, \u043c\u0435\u0447\u0442\u0430\u0439\u0442\u0435, \u043e\u0442\u043a\u0440\u044b\u0432\u0430\u0439\u0442\u0435 \u0434\u043b\u044f \u0441\u0435\u0431\u044f \u043d\u043e\u0432\u043e\u0435!&#187; <\/em><\/p>\n<p>(\u041c\u0430\u0440\u043a \u0422\u0432\u0435\u043d)<\/p>\n\t\t\t\t\t\t\t\t<\/div>\n\t\t\t\t<\/div>\n\t\t\t\t\t<\/div>\n\t\t<\/div>\n\t\t\t\t\t<\/div>\n\t\t<\/div>\n\t\t\t\t\t<\/div>\n\t\t<\/div>\n\t\t\t\t<div class=\"elementor-column elementor-col-50 elementor-top-column elementor-element elementor-element-79c21289\" data-id=\"79c21289\" data-element_type=\"column\">\n\t\t\t<div class=\"elementor-widget-wrap elementor-element-populated\">\n\t\t\t\t\t\t<div class=\"elementor-element elementor-element-244d7c6a elementor-widget elementor-widget-image\" data-id=\"244d7c6a\" data-element_type=\"widget\" data-widget_type=\"image.default\">\n\t\t\t\t<div class=\"elementor-widget-container\">\n\t\t\t\t\t\t\t\t\t\t\t\t\t\t\t<img fetchpriority=\"high\" decoding=\"async\" width=\"520\" height=\"700\" src=\"https:\/\/www.elegantour.com\/wp-content\/uploads\/2022\/09\/h7_img2-1.jpg\" class=\"attachment-full size-full wp-image-13900\" alt=\"\" srcset=\"https:\/\/www.elegantour.com\/wp-content\/uploads\/2022\/09\/h7_img2-1.jpg 520w, https:\/\/www.elegantour.com\/wp-content\/uploads\/2022\/09\/h7_img2-1-223x300.jpg 223w, https:\/\/www.elegantour.com\/wp-content\/uploads\/2022\/09\/h7_img2-1-334x450.jpg 334w\" sizes=\"(max-width: 520px) 100vw, 520px\" \/>\t\t\t\t\t\t\t\t\t\t\t\t\t\t\t<\/div>\n\t\t\t\t<\/div>\n\t\t\t\t<div class=\"elementor-element elementor-element-3ed59026 elementor-widget__width-auto elementor-hidden-tablet elementor-hidden-mobile elementor-widget elementor-widget-image\" data-id=\"3ed59026\" data-element_type=\"widget\" data-widget_type=\"image.default\">\n\t\t\t\t<div class=\"elementor-widget-container\">\n\t\t\t\t\t\t\t\t\t\t\t\t\t\t\t<img decoding=\"async\" width=\"330\" height=\"416\" src=\"https:\/\/www.elegantour.com\/wp-content\/uploads\/2022\/09\/h7_img1-1.jpg\" class=\"attachment-full size-full wp-image-13902\" alt=\"\" srcset=\"https:\/\/www.elegantour.com\/wp-content\/uploads\/2022\/09\/h7_img1-1.jpg 330w, https:\/\/www.elegantour.com\/wp-content\/uploads\/2022\/09\/h7_img1-1-238x300.jpg 238w\" sizes=\"(max-width: 330px) 100vw, 330px\" \/>\t\t\t\t\t\t\t\t\t\t\t\t\t\t\t<\/div>\n\t\t\t\t<\/div>\n\t\t\t\t\t<\/div>\n\t\t<\/div>\n\t\t\t\t\t<\/div>\n\t\t<\/div>\n\t\t\t\t<div class=\"elementor-section elementor-top-section elementor-element elementor-element-4e56b587 elementor-section-stretched elementor-section-boxed elementor-section-height-default elementor-section-height-default\" data-id=\"4e56b587\" data-element_type=\"section\" data-settings=\"{&quot;stretch_section&quot;:&quot;section-stretched&quot;,&quot;background_background&quot;:&quot;classic&quot;}\">\n\t\t\t\t\t\t<div class=\"elementor-container elementor-column-gap-no\">\n\t\t\t\t\t<div class=\"elementor-column elementor-col-20 elementor-top-column elementor-element elementor-element-2b64c99a\" data-id=\"2b64c99a\" data-element_type=\"column\">\n\t\t\t<div class=\"elementor-widget-wrap elementor-element-populated\">\n\t\t\t\t\t\t<div class=\"elementor-element elementor-element-78c4b196 elementor-widget__width-initial elementor-view-default elementor-position-top elementor-mobile-position-top elementor-widget elementor-widget-icon-box\" data-id=\"78c4b196\" data-element_type=\"widget\" data-widget_type=\"icon-box.default\">\n\t\t\t\t<div class=\"elementor-widget-container\">\n\t\t\t\t\t\t\t<div class=\"elementor-icon-box-wrapper\">\n\n\t\t\t\t\t\t<div class=\"elementor-icon-box-icon\">\n\t\t\t\t<span  class=\"elementor-icon elementor-animation-float\">\n\t\t\t\t<i aria-hidden=\"true\" class=\"triply-icon- triply-icon-museum\"><\/i>\t\t\t\t<\/span>\n\t\t\t<\/div>\n\t\t\t\n\t\t\t\t\t\t<div class=\"elementor-icon-box-content\">\n\n\t\t\t\t\t\t\t\t\t<h3 class=\"elementor-icon-box-title\">\n\t\t\t\t\t\t<span  >\n\t\t\t\t\t\t\t\u0418\u0441\u0442\u043e\u0440\u0438\u044f \u0438\u0441\u043a\u0443\u0441\u0441\u0442\u0432\u0430 \u0438 \u043a\u0443\u043b\u044c\u0442\u0443\u0440\u0430\t\t\t\t\t\t<\/span>\n\t\t\t\t\t<\/h3>\n\t\t\t\t\n\t\t\t\t\n\t\t\t<\/div>\n\t\t\t\n\t\t<\/div>\n\t\t\t\t\t\t<\/div>\n\t\t\t\t<\/div>\n\t\t\t\t\t<\/div>\n\t\t<\/div>\n\t\t\t\t<div class=\"elementor-column elementor-col-20 elementor-top-column elementor-element elementor-element-369b0220\" data-id=\"369b0220\" data-element_type=\"column\">\n\t\t\t<div class=\"elementor-widget-wrap elementor-element-populated\">\n\t\t\t\t\t\t<div class=\"elementor-element elementor-element-553795f elementor-widget__width-initial elementor-view-default elementor-position-top elementor-mobile-position-top elementor-widget elementor-widget-icon-box\" data-id=\"553795f\" data-element_type=\"widget\" data-widget_type=\"icon-box.default\">\n\t\t\t\t<div class=\"elementor-widget-container\">\n\t\t\t\t\t\t\t<div class=\"elementor-icon-box-wrapper\">\n\n\t\t\t\t\t\t<div class=\"elementor-icon-box-icon\">\n\t\t\t\t<span  class=\"elementor-icon elementor-animation-float\">\n\t\t\t\t<i aria-hidden=\"true\" class=\"fas fa-skiing\"><\/i>\t\t\t\t<\/span>\n\t\t\t<\/div>\n\t\t\t\n\t\t\t\t\t\t<div class=\"elementor-icon-box-content\">\n\n\t\t\t\t\t\t\t\t\t<h3 class=\"elementor-icon-box-title\">\n\t\t\t\t\t\t<span  >\n\t\t\t\t\t\t\t\u0421\u043f\u043e\u0440\u0442\t\t\t\t\t\t<\/span>\n\t\t\t\t\t<\/h3>\n\t\t\t\t\n\t\t\t\t\n\t\t\t<\/div>\n\t\t\t\n\t\t<\/div>\n\t\t\t\t\t\t<\/div>\n\t\t\t\t<\/div>\n\t\t\t\t\t<\/div>\n\t\t<\/div>\n\t\t\t\t<div class=\"elementor-column elementor-col-20 elementor-top-column elementor-element elementor-element-5b1c0d9e\" data-id=\"5b1c0d9e\" data-element_type=\"column\">\n\t\t\t<div class=\"elementor-widget-wrap elementor-element-populated\">\n\t\t\t\t\t\t<div class=\"elementor-element elementor-element-5b70ec9 elementor-widget__width-initial elementor-view-default elementor-position-top elementor-mobile-position-top elementor-widget elementor-widget-icon-box\" data-id=\"5b70ec9\" data-element_type=\"widget\" data-widget_type=\"icon-box.default\">\n\t\t\t\t<div class=\"elementor-widget-container\">\n\t\t\t\t\t\t\t<div class=\"elementor-icon-box-wrapper\">\n\n\t\t\t\t\t\t<div class=\"elementor-icon-box-icon\">\n\t\t\t\t<span  class=\"elementor-icon elementor-animation-float\">\n\t\t\t\t<i aria-hidden=\"true\" class=\"fas fa-seedling\"><\/i>\t\t\t\t<\/span>\n\t\t\t<\/div>\n\t\t\t\n\t\t\t\t\t\t<div class=\"elementor-icon-box-content\">\n\n\t\t\t\t\t\t\t\t\t<h3 class=\"elementor-icon-box-title\">\n\t\t\t\t\t\t<span  >\n\t\t\t\t\t\t\t\u041f\u0440\u0438\u0440\u043e\u0434\u0430\t\t\t\t\t\t<\/span>\n\t\t\t\t\t<\/h3>\n\t\t\t\t\n\t\t\t\t\n\t\t\t<\/div>\n\t\t\t\n\t\t<\/div>\n\t\t\t\t\t\t<\/div>\n\t\t\t\t<\/div>\n\t\t\t\t\t<\/div>\n\t\t<\/div>\n\t\t\t\t<div class=\"elementor-column elementor-col-20 elementor-top-column elementor-element elementor-element-5889e92f\" data-id=\"5889e92f\" data-element_type=\"column\">\n\t\t\t<div class=\"elementor-widget-wrap elementor-element-populated\">\n\t\t\t\t\t\t<div class=\"elementor-element elementor-element-5d3d055a elementor-widget__width-initial elementor-view-default elementor-position-top elementor-mobile-position-top elementor-widget elementor-widget-icon-box\" data-id=\"5d3d055a\" data-element_type=\"widget\" data-widget_type=\"icon-box.default\">\n\t\t\t\t<div class=\"elementor-widget-container\">\n\t\t\t\t\t\t\t<div class=\"elementor-icon-box-wrapper\">\n\n\t\t\t\t\t\t<div class=\"elementor-icon-box-icon\">\n\t\t\t\t<span  class=\"elementor-icon elementor-animation-float\">\n\t\t\t\t<i aria-hidden=\"true\" class=\"fas fa-glass-cheers\"><\/i>\t\t\t\t<\/span>\n\t\t\t<\/div>\n\t\t\t\n\t\t\t\t\t\t<div class=\"elementor-icon-box-content\">\n\n\t\t\t\t\t\t\t\t\t<h3 class=\"elementor-icon-box-title\">\n\t\t\t\t\t\t<span  >\n\t\t\t\t\t\t\t\u0414\u0435\u0433\u0443\u0441\u0442\u0430\u0446\u0438\u0438\t\t\t\t\t\t<\/span>\n\t\t\t\t\t<\/h3>\n\t\t\t\t\n\t\t\t\t\n\t\t\t<\/div>\n\t\t\t\n\t\t<\/div>\n\t\t\t\t\t\t<\/div>\n\t\t\t\t<\/div>\n\t\t\t\t\t<\/div>\n\t\t<\/div>\n\t\t\t\t<div class=\"elementor-column elementor-col-20 elementor-top-column elementor-element elementor-element-b1b6c72\" data-id=\"b1b6c72\" data-element_type=\"column\">\n\t\t\t<div class=\"elementor-widget-wrap elementor-element-populated\">\n\t\t\t\t\t\t<div class=\"elementor-element elementor-element-555d1018 elementor-widget__width-initial elementor-view-default elementor-position-top elementor-mobile-position-top elementor-widget elementor-widget-icon-box\" data-id=\"555d1018\" data-element_type=\"widget\" data-widget_type=\"icon-box.default\">\n\t\t\t\t<div class=\"elementor-widget-container\">\n\t\t\t\t\t\t\t<div class=\"elementor-icon-box-wrapper\">\n\n\t\t\t\t\t\t<div class=\"elementor-icon-box-icon\">\n\t\t\t\t<span  class=\"elementor-icon elementor-animation-float\">\n\t\t\t\t<i aria-hidden=\"true\" class=\"fas fa-spa\"><\/i>\t\t\t\t<\/span>\n\t\t\t<\/div>\n\t\t\t\n\t\t\t\t\t\t<div class=\"elementor-icon-box-content\">\n\n\t\t\t\t\t\t\t\t\t<h3 class=\"elementor-icon-box-title\">\n\t\t\t\t\t\t<span  >\n\t\t\t\t\t\t\t\u0421\u043f\u0430\t\t\t\t\t\t<\/span>\n\t\t\t\t\t<\/h3>\n\t\t\t\t\n\t\t\t\t\n\t\t\t<\/div>\n\t\t\t\n\t\t<\/div>\n\t\t\t\t\t\t<\/div>\n\t\t\t\t<\/div>\n\t\t\t\t\t<\/div>\n\t\t<\/div>\n\t\t\t\t\t<\/div>\n\t\t<\/div>\n\t\t\t\t<\/div>\n\t\t","protected":false},"excerpt":{"rendered":"<p>\u00d0\u009d\u00d0\u0090\u00d0\u00a8\u00d0\u02dc \u00d0\u00ad\u00d0\u0161\u00d0\u00a1\u00d0\u0161\u00d0\u00a3\u00d0\u00a0\u00d0\u00a1\u00d0\u02dc\u00d0\u02dc \u00d0\u0178\u00d0\u00be\u00d0\u00b4\u00d1\u20ac\u00d0\u00be\u00d0\u00b1\u00d0\u00bd\u00d0\u00b5\u00d0\u00b5 \u00d0\u0178\u00d1\u20ac\u00d0\u00be\u00d1\u2021\u00d1\u0192\u00d0\u00b2\u00d1\u0081\u00d1\u201a\u00d0\u00b2\u00d1\u0192\u00d0\u00b9\u00d1\u201a\u00d0\u00b5 \u00d1\u0081 \u00d0\u00bd\u00d0\u00b0\u00d0\u00bc\u00d0\u00b8 \u00d0\u009d\u00d0\u00b5\u00d0\u00b7\u00d0\u00b0\u00d0\u00b1\u00d1\u2039\u00d0\u00b2\u00d0\u00b0\u00d0\u00b5\u00d0\u00bc\u00d1\u2039\u00d0\u00b5 \u00d0\u00b2\u00d0\u00bf\u00d0\u00b5\u00d1\u2021\u00d0\u00b0\u00d1\u201a\u00d0\u00bb\u00d0\u00b5\u00d0\u00bd\u00d0\u00b8\u00d1\u008f EleganTour luxury \u00d0\u00bf\u00d1\u20ac\u00d0\u00b5\u00d0\u00b4\u00d0\u00bb\u00d0\u00b0\u00d0\u00b3\u00d0\u00b0\u00d0\u00b5\u00d1\u201a \u00d0\u00b3\u00d0\u00be\u00d1\u0081\u00d1\u201a\u00d1\u008f\u00d0\u00bc \u00d1\u02c6\u00d0\u00b8\u00d1\u20ac\u00d0\u00be\u00d0\u00ba\u00d0\u00b8\u00d0\u00b9 \u00d0\u00b2\u00d1\u2039\u00d0\u00b1\u00d0\u00be\u00d1\u20ac \u00d1\u008d\u00d0\u00ba\u00d1\u0081\u00d0\u00ba\u00d1\u0192\u00d1\u20ac\u00d1\u0081\u00d0\u00b8\u00d0\u00b9, \u00d0\u00bf\u00d0\u00bb\u00d0\u00b0\u00d0\u00bd\u00d0\u00b8\u00d1\u20ac\u00d1\u0192\u00d1\u008f \u00d0\u00b8\u00d0\u00bd\u00d0\u00b4\u00d0\u00b8\u00d0\u00b2\u00d0\u00b8\u00d0\u00b4\u00d1\u0192\u00d0\u00b0\u00d0\u00bb\u00d1\u0152\u00d0\u00bd\u00d1\u2039\u00d0\u00b5 \u00d0\u00bc\u00d0\u00b0\u00d1\u20ac\u00d1\u02c6\u00d1\u20ac\u00d1\u0192\u00d1\u201a\u00d1\u2039 \u00d0\u00bf\u00d0\u00be \u00d1\u0081\u00d0\u00b0\u00d0\u00bc\u00d1\u2039\u00d0\u00bc \u00d0\u00bd\u00d0\u00b5\u00d0\u00b7\u00d0\u00b0\u00d0\u00b1\u00d1\u2039\u00d0\u00b2\u00d0\u00b0\u00d0\u00b5\u00d0\u00bc\u00d1\u2039\u00d0\u00bc \u00d0\u00bc\u00d0\u00b5\u00d1\u0081\u00d1\u201a\u00d0\u00b0\u00d0\u00bc \u00d0\u00a1\u00d0\u00b8\u00d1\u2020\u00d0\u00b8\u00d0\u00bb\u00d0\u00b8\u00d0\u00b8 \u00d0\u00b8 \u00d0\u00b4\u00d0\u00be\u00d0\u00bb\u00d0\u00b8\u00d0\u00bd\u00d1\u2039 \u00d0\u0090\u00d0\u00be\u00d1\u0081\u00d1\u201a\u00d1\u2039, \u00d1\u2021\u00d1\u201a\u00d0\u00be\u00d0\u00b1\u00d1\u2039 \u00d0\u00b2\u00d1\u2039 \u00d0\u00bc\u00d0\u00be\u00d0\u00b3\u00d0\u00bb\u00d0\u00b8 \u00d0\u00be\u00d1\u201a\u00d0\u00ba\u00d1\u20ac\u00d1\u2039\u00d1\u201a\u00d1\u0152 \u00d0\u00b4\u00d0\u00bb\u00d1\u008f \u00d1\u0081\u00d0\u00b5\u00d0\u00b1\u00d1\u008f \u00d0\u00ba\u00d0\u00b0\u00d0\u00b6\u00d0\u00b4\u00d1\u2039\u00d0\u00b9 \u00d1\u0081\u00d0\u00b5\u00d0\u00ba\u00d1\u20ac\u00d0\u00b5\u00d1\u201a \u00d0\u00bd\u00d0\u00b0\u00d1\u02c6\u00d0\u00b8\u00d1\u2026 \u00d0\u00b2\u00d0\u00b5\u00d0\u00bb\u00d0\u00b8\u00d0\u00ba\u00d0\u00be\u00d0\u00bb\u00d0\u00b5\u00d0\u00bf\u00d0\u00bd\u00d1\u2039\u00d1\u2026 \u00d0\u00bc\u00d0\u00b5\u00d1\u0081\u00d1\u201a. &#171;\u00d0\u00a7\u00d0\u00b5\u00d1\u20ac\u00d0\u00b5\u00d0\u00b7 \u00d0\u00b4\u00d0\u00b2\u00d0\u00b0\u00d0\u00b4\u00d1\u2020\u00d0\u00b0\u00d1\u201a\u00d1\u0152 \u00d0\u00bb\u00d0\u00b5\u00d1\u201a \u00d0\u00b2\u00d1\u2039 \u00d0\u00b1\u00d1\u0192\u00d0\u00b4\u00d0\u00b5\u00d1\u201a\u00d0\u00b5 \u00d0\u00b1\u00d0\u00be\u00d0\u00bb\u00d0\u00b5\u00d0\u00b5 \u00d1\u0081\u00d0\u00be\u00d0\u00b6\u00d0\u00b0\u00d0\u00bb\u00d0\u00b5\u00d1\u201a\u00d1\u0152 \u00d0\u00be \u00d1\u201a\u00d0\u00be\u00d0\u00bc, \u00d1\u2021\u00d1\u201a\u00d0\u00be \u00d0\u00bd\u00d0\u00b5 \u00d1\u0081\u00d0\u00b4\u00d0\u00b5\u00d0\u00bb\u00d0\u00b0\u00d0\u00bb\u00d0\u00b8, \u00d1\u2021\u00d0\u00b5\u00d0\u00bc \u00d0\u00be\u00d1\u201a \u00d1\u201a\u00d0\u00be\u00d0\u00bc, \u00d1\u2021\u00d1\u201a\u00d0\u00be \u00d0\u00b2\u00d1\u2039 \u00d1\u0081\u00d0\u00b4\u00d0\u00b5\u00d0\u00bb\u00d0\u00b0\u00d0\u00bb\u00d0\u00b8. [&hellip;]<\/p>\n","protected":false},"author":1,"featured_media":0,"parent":0,"menu_order":0,"comment_status":"closed","ping_status":"closed","template":"","meta":{"inline_featured_image":false,"footnotes":""},"class_list":["post-15182","page","type-page","status-publish","hentry"],"_links":{"self":[{"href":"https:\/\/www.elegantour.com\/ru\/wp-json\/wp\/v2\/pages\/15182","targetHints":{"allow":["GET"]}}],"collection":[{"href":"https:\/\/www.elegantour.com\/ru\/wp-json\/wp\/v2\/pages"}],"about":[{"href":"https:\/\/www.elegantour.com\/ru\/wp-json\/wp\/v2\/types\/page"}],"author":[{"embeddable":true,"href":"https:\/\/www.elegantour.com\/ru\/wp-json\/wp\/v2\/users\/1"}],"replies":[{"embeddable":true,"href":"https:\/\/www.elegantour.com\/ru\/wp-json\/wp\/v2\/comments?post=15182"}],"version-history":[{"count":7,"href":"https:\/\/www.elegantour.com\/ru\/wp-json\/wp\/v2\/pages\/15182\/revisions"}],"predecessor-version":[{"id":15853,"href":"https:\/\/www.elegantour.com\/ru\/wp-json\/wp\/v2\/pages\/15182\/revisions\/15853"}],"wp:attachment":[{"href":"https:\/\/www.elegantour.com\/ru\/wp-json\/wp\/v2\/media?parent=15182"}],"curies":[{"name":"wp","href":"https:\/\/api.w.org\/{rel}","templated":true}]}}