{"id":15198,"date":"2023-11-02T12:57:34","date_gmt":"2023-11-02T11:57:34","guid":{"rendered":"https:\/\/www.elegantour.com\/%d1%80%d0%b0%d0%b7%d0%bc%d0%b5%d1%89%d0%b5%d0%bd%d0%b8%d0%b5\/"},"modified":"2024-07-04T20:27:00","modified_gmt":"2024-07-04T18:27:00","slug":"%d1%80%d0%b0%d0%b7%d0%bc%d0%b5%d1%89%d0%b5%d0%bd%d0%b8%d0%b5","status":"publish","type":"page","link":"https:\/\/www.elegantour.com\/ru\/%d1%80%d0%b0%d0%b7%d0%bc%d0%b5%d1%89%d0%b5%d0%bd%d0%b8%d0%b5\/","title":{"rendered":"\u00d0\u00a0\u00d0\u00b0\u00d0\u00b7\u00d0\u00bc\u00d0\u00b5\u00d1\u2030\u00d0\u00b5\u00d0\u00bd\u00d0\u00b8\u00d0\u00b5"},"content":{"rendered":"\t\t<div data-elementor-type=\"wp-page\" data-elementor-id=\"15198\" class=\"elementor elementor-15198 elementor-12242\">\n\t\t\t\t\t\t<div class=\"elementor-section elementor-top-section elementor-element elementor-element-a9ad257 elementor-section-stretched elementor-section-boxed elementor-section-height-default elementor-section-height-default\" data-id=\"a9ad257\" data-element_type=\"section\" data-settings=\"{&quot;stretch_section&quot;:&quot;section-stretched&quot;,&quot;background_background&quot;:&quot;slideshow&quot;,&quot;background_motion_fx_translateY_effect&quot;:&quot;yes&quot;,&quot;background_slideshow_gallery&quot;:[{&quot;id&quot;:12271,&quot;url&quot;:&quot;https:\\\/\\\/www.elegantour.com\\\/wp-content\\\/uploads\\\/2023\\\/11\\\/accomodation-1343.gif&quot;}],&quot;background_slideshow_ken_burns&quot;:&quot;yes&quot;,&quot;background_slideshow_loop&quot;:&quot;yes&quot;,&quot;background_slideshow_slide_duration&quot;:5000,&quot;background_slideshow_slide_transition&quot;:&quot;fade&quot;,&quot;background_slideshow_transition_duration&quot;:500,&quot;background_slideshow_ken_burns_zoom_direction&quot;:&quot;in&quot;,&quot;background_motion_fx_translateY_speed&quot;:{&quot;unit&quot;:&quot;px&quot;,&quot;size&quot;:4,&quot;sizes&quot;:[]},&quot;background_motion_fx_translateY_affectedRange&quot;:{&quot;unit&quot;:&quot;%&quot;,&quot;size&quot;:&quot;&quot;,&quot;sizes&quot;:{&quot;start&quot;:0,&quot;end&quot;:100}},&quot;background_motion_fx_devices&quot;:[&quot;desktop&quot;,&quot;tablet&quot;,&quot;mobile&quot;]}\">\n\t\t\t\t\t\t\t<div class=\"elementor-background-overlay\"><\/div>\n\t\t\t\t\t\t\t<div class=\"elementor-container elementor-column-gap-no\">\n\t\t\t\t\t<div class=\"elementor-column elementor-col-100 elementor-top-column elementor-element elementor-element-bc35b73\" data-id=\"bc35b73\" data-element_type=\"column\">\n\t\t\t<div class=\"elementor-widget-wrap elementor-element-populated\">\n\t\t\t\t\t\t\t<\/div>\n\t\t<\/div>\n\t\t\t\t\t<\/div>\n\t\t<\/div>\n\t\t\t\t<div class=\"elementor-section elementor-top-section elementor-element elementor-element-c978ed5 elementor-section-boxed elementor-section-height-default elementor-section-height-default\" data-id=\"c978ed5\" data-element_type=\"section\">\n\t\t\t\t\t\t<div class=\"elementor-container elementor-column-gap-no\">\n\t\t\t\t\t<div class=\"elementor-column elementor-col-50 elementor-top-column elementor-element elementor-element-8fddd2b\" data-id=\"8fddd2b\" data-element_type=\"column\">\n\t\t\t<div class=\"elementor-widget-wrap elementor-element-populated\">\n\t\t\t\t\t\t<div class=\"elementor-element elementor-element-7097086 elementor-widget elementor-widget-heading\" data-id=\"7097086\" data-element_type=\"widget\" data-widget_type=\"heading.default\">\n\t\t\t\t<div class=\"elementor-widget-container\">\n\t\t\t\t\t<h2 class=\"elementor-heading-title elementor-size-default\">\u0414\u043e\u0432\u0435\u0440\u044c\u0442\u0435\u0441\u044c \u043d\u0430\u043c <\/h2>\t\t\t\t<\/div>\n\t\t\t\t<\/div>\n\t\t\t\t<div class=\"elementor-element elementor-element-678edf3 elementor-widget__width-initial elementor-widget elementor-widget-heading\" data-id=\"678edf3\" data-element_type=\"widget\" data-widget_type=\"heading.default\">\n\t\t\t\t<div class=\"elementor-widget-container\">\n\t\t\t\t\t<h2 class=\"elementor-heading-title elementor-size-default\">\u042d\u0442\u043e \u043b\u0443\u0447\u0448\u0438\u0439 \u0432\u044b\u0431\u043e\u0440<\/h2>\t\t\t\t<\/div>\n\t\t\t\t<\/div>\n\t\t\t\t<div class=\"elementor-element elementor-element-cbc49bb elementor-widget__width-initial elementor-widget-mobile__width-inherit elementor-widget elementor-widget-text-editor\" data-id=\"cbc49bb\" data-element_type=\"widget\" data-widget_type=\"text-editor.default\">\n\t\t\t\t<div class=\"elementor-widget-container\">\n\t\t\t\t\t\t\t\t\t<p>\u041d\u0430\u0448 \u0442\u0443\u0440\u043e\u043f\u0435\u0440\u0430\u0442\u043e\u0440 \u0432\u0441\u0435\u0433\u0434\u0430 \u0440\u0430\u0434 \u043f\u043e\u043c\u043e\u0447\u044c \u0412\u0430\u043c \u0441 \u0432\u044b\u0431\u043e\u0440\u043e\u043c \u043d\u0430\u0438\u0431\u043e\u043b\u0435\u0435 \u0443\u0434\u043e\u0431\u043d\u043e\u0433\u043e \u0438 \u0441\u043e\u043e\u0442\u0432\u0435\u0442\u0441\u0442\u0432\u0443\u044e\u0449\u0435\u0433\u043e \u0432\u0430\u0448\u0438\u043c \u0442\u0440\u0435\u0431\u043e\u0432\u0430\u043d\u0438\u044f\u043c \u0432\u0430\u0440\u0438\u0430\u043d\u0442\u0430, \u043f\u0440\u0435\u0434\u043e\u0441\u0442\u0430\u0432\u0438\u0432 \u043d\u0430\u0438\u0431\u043e\u043b\u0435\u0435 \u043f\u043e\u0434\u0445\u043e\u0434\u044f\u0449\u0435\u0435 \u043f\u0440\u0435\u0434\u043b\u043e\u0436\u0435\u043d\u0438\u0435 \u0434\u043b\u044f \u0432\u0430\u0448\u0435\u0433\u043e \u043e\u0442\u0434\u044b\u0445\u0430 \u0432 \u043e\u0442\u0435\u043b\u0435 \u0438\u043b\u0438 \u0440\u0435\u0437\u0438\u0434\u0435\u043d\u0446\u0438\u0438! \u0421\u043e\u043e\u0431\u0449\u0438\u0442\u0435 \u043d\u0430\u043c \u0441\u0432\u043e\u0438 \u043f\u043e\u0436\u0435\u043b\u0430\u043d\u0438\u044f, \u043a\u0430\u0442\u0435\u0433\u043e\u0440\u0438\u044e \u0438 \u043c\u044b \u043f\u043e\u0437\u0430\u0431\u043e\u0442\u0438\u043c\u0441\u044f \u043e\u0431\u043e \u0432\u0441\u0435\u043c \u043e\u0441\u0442\u0430\u043b\u044c\u043d\u043e\u043c! <br \/>\u0414\u043b\u044f \u0442\u0435\u0445, \u043a\u0442\u043e \u043d\u0435 \u0445\u043e\u0442\u0435\u043b \u0431\u044b \u043f\u0440\u043e\u0432\u0435\u0441\u0442\u0438 \u0441\u0432\u043e\u0439 \u043e\u0442\u043f\u0443\u0441\u043a \u0432 \u043e\u0442\u0435\u043b\u0435, \u0430 \u043f\u0440\u0435\u0434\u043f\u043e\u0447\u0438\u0442\u0430\u0435\u0442 \u043a\u043e\u043d\u0444\u0438\u0434\u0435\u043d\u0446\u0438\u0430\u043b\u044c\u043d\u0443\u044e, \u0441\u0435\u043c\u0435\u0439\u043d\u0443\u044e \u0430\u0442\u043c\u043e\u0441\u0444\u0435\u0440\u0443, EleganTour \u0442\u0430\u043a\u0436\u0435 \u043f\u0440\u0435\u0434\u043b\u0430\u0433\u0430\u0435\u0442 \u0448\u0438\u0440\u043e\u043a\u0438\u0439 \u0432\u044b\u0431\u043e\u0440 \u0430\u043f\u0430\u0440\u0442\u0430\u043c\u0435\u043d\u0442\u043e\u0432, \u0432\u0438\u043b\u043b \u0438 \u0448\u0430\u043b\u0435. \u041c\u044b \u043f\u0440\u0435\u0434\u043e\u0441\u0442\u0430\u0432\u0438\u043c \u0432\u0441\u044e \u043d\u0435\u043e\u0431\u0445\u043e\u0434\u0438\u043c\u0443\u044e \u0438\u043d\u0444\u043e\u0440\u043c\u0430\u0446\u0438\u044e, \u0447\u0442\u043e\u0431\u044b \u043a\u0430\u0436\u0434\u044b\u0439 \u0438\u0437 \u0412\u0430\u0441 \u0441\u043c\u043e\u0433 \u0441\u0434\u0435\u043b\u0430\u0442\u044c \u043b\u0443\u0447\u0448\u0438\u0439 \u0432\u044b\u0431\u043e\u0440 \u0438\u0437 \u043e\u0433\u0440\u043e\u043c\u043d\u043e\u0433\u043e \u0430\u0441\u0441\u043e\u0440\u0442\u0438\u043c\u0435\u043d\u0442\u0430 \u043f\u0440\u0435\u0434\u043b\u043e\u0436\u0435\u043d\u0438\u0439.<\/p>\n<p>Elegantour \u043c\u043e\u0436\u0435\u0442 \u043f\u0440\u0435\u0434\u043b\u043e\u0436\u0438\u0442\u044c \u0432\u0430\u043c \u0448\u0438\u0440\u043e\u043a\u0438\u0439 \u0432\u044b\u0431\u043e\u0440: \u043e\u0442 \u043e\u0442\u0435\u043b\u044f \u0434\u043e \u0440\u0435\u0437\u0438\u0434\u0435\u043d\u0446\u0438\u0438, \u043e\u0442 \u0443\u044e\u0442\u043d\u043e\u0433\u043e \u0430\u043f\u0430\u0440\u0442\u0430\u043c\u0435\u043d\u0442\u0430 \u0434\u043e \u0440\u043e\u0441\u043a\u043e\u0448\u043d\u043e\u0439 \u0432\u0438\u043b\u043b\u044b \u0438\u043b\u0438 \u0448\u0430\u043b\u0435, \u0432 \u0440\u0435\u0433\u0438\u043e\u043d\u0430\u0445 \u0421\u0438\u0446\u0438\u043b\u0438\u044f \u0438 \u0412\u0430\u043b\u043b\u0435 \u0434&#8217;\u0410\u043e\u0441\u0442\u0430, \u0430 \u0442\u0430\u043a\u0436\u0435 \u0432 \u0434\u0440\u0443\u0433\u0438\u0445 \u0443\u0433\u043e\u043b\u043a\u0430\u0445 \u0418\u0442\u0430\u043b\u0438\u0438.<\/p>\n\t\t\t\t\t\t\t\t<\/div>\n\t\t\t\t<\/div>\n\t\t\t\t<div class=\"elementor-section elementor-inner-section elementor-element elementor-element-309c9b3 elementor-section-full_width elementor-section-height-default elementor-section-height-default\" data-id=\"309c9b3\" data-element_type=\"section\">\n\t\t\t\t\t\t<div class=\"elementor-container elementor-column-gap-no\">\n\t\t\t\t\t<div class=\"elementor-column elementor-col-50 elementor-inner-column elementor-element elementor-element-03d0fd6\" data-id=\"03d0fd6\" data-element_type=\"column\">\n\t\t\t<div class=\"elementor-widget-wrap elementor-element-populated\">\n\t\t\t\t\t\t<div class=\"elementor-element elementor-element-85596c0 elementor-widget elementor-widget-image\" data-id=\"85596c0\" data-element_type=\"widget\" data-widget_type=\"image.default\">\n\t\t\t\t<div class=\"elementor-widget-container\">\n\t\t\t\t\t\t\t\t\t\t\t\t\t\t\t<img decoding=\"async\" width=\"150\" height=\"150\" src=\"https:\/\/www.elegantour.com\/wp-content\/uploads\/2023\/11\/welcome-260-150x150.gif\" class=\"attachment-thumbnail size-thumbnail wp-image-14648\" alt=\"\" srcset=\"https:\/\/www.elegantour.com\/wp-content\/uploads\/2023\/11\/welcome-260-150x150.gif 150w, https:\/\/www.elegantour.com\/wp-content\/uploads\/2023\/11\/welcome-260-100x100.gif 100w\" sizes=\"(max-width: 150px) 100vw, 150px\" \/>\t\t\t\t\t\t\t\t\t\t\t\t\t\t\t<\/div>\n\t\t\t\t<\/div>\n\t\t\t\t\t<\/div>\n\t\t<\/div>\n\t\t\t\t<div class=\"elementor-column elementor-col-50 elementor-inner-column elementor-element elementor-element-e11406c\" data-id=\"e11406c\" data-element_type=\"column\">\n\t\t\t<div class=\"elementor-widget-wrap elementor-element-populated\">\n\t\t\t\t\t\t<div class=\"elementor-element elementor-element-a4c9cf8 elementor-widget elementor-widget-text-editor\" data-id=\"a4c9cf8\" data-element_type=\"widget\" data-widget_type=\"text-editor.default\">\n\t\t\t\t<div class=\"elementor-widget-container\">\n\t\t\t\t\t\t\t\t\t<div>\n<div><em>\u0413\u043e\u0441\u0442\u0435\u043f\u0440\u0438\u0438\u043c\u0441\u0442\u0432\u043e &#8212; \u044d\u0442\u043e \u043f\u0440\u043e\u0441\u0442\u043e \u0441\u0432\u043e\u0431\u043e\u0434\u043d\u0430\u044f \u043b\u044e\u0431\u043e\u0432\u044c.<\/em><\/div>\n<\/div>\n<div> <\/div>\n<p>(<b>Joan D. Chittister<\/b>)<\/p>\n\t\t\t\t\t\t\t\t<\/div>\n\t\t\t\t<\/div>\n\t\t\t\t\t<\/div>\n\t\t<\/div>\n\t\t\t\t\t<\/div>\n\t\t<\/div>\n\t\t\t\t\t<\/div>\n\t\t<\/div>\n\t\t\t\t<div class=\"elementor-column elementor-col-50 elementor-top-column elementor-element elementor-element-8f0c739\" data-id=\"8f0c739\" data-element_type=\"column\">\n\t\t\t<div class=\"elementor-widget-wrap elementor-element-populated\">\n\t\t\t\t\t\t<div class=\"elementor-element elementor-element-ed0bdd8 elementor-widget elementor-widget-image\" data-id=\"ed0bdd8\" data-element_type=\"widget\" data-widget_type=\"image.default\">\n\t\t\t\t<div class=\"elementor-widget-container\">\n\t\t\t\t\t\t\t\t\t\t\t\t\t\t\t<img fetchpriority=\"high\" decoding=\"async\" width=\"520\" height=\"700\" src=\"https:\/\/www.elegantour.com\/wp-content\/uploads\/2023\/11\/piscina-au-charmant.gif\" class=\"attachment-full size-full wp-image-14664\" alt=\"\" \/>\t\t\t\t\t\t\t\t\t\t\t\t\t\t\t<\/div>\n\t\t\t\t<\/div>\n\t\t\t\t<div class=\"elementor-element elementor-element-1eeb40f elementor-widget__width-auto elementor-hidden-tablet elementor-hidden-mobile elementor-widget elementor-widget-image\" data-id=\"1eeb40f\" data-element_type=\"widget\" data-widget_type=\"image.default\">\n\t\t\t\t<div class=\"elementor-widget-container\">\n\t\t\t\t\t\t\t\t\t\t\t\t\t\t\t<img decoding=\"async\" width=\"330\" height=\"416\" src=\"https:\/\/www.elegantour.com\/wp-content\/uploads\/2023\/11\/spa-monte-rosa.gif\" class=\"attachment-full size-full wp-image-14654\" alt=\"\" \/>\t\t\t\t\t\t\t\t\t\t\t\t\t\t\t<\/div>\n\t\t\t\t<\/div>\n\t\t\t\t\t<\/div>\n\t\t<\/div>\n\t\t\t\t\t<\/div>\n\t\t<\/div>\n\t\t\t\t<section class=\"elementor-section elementor-top-section elementor-element elementor-element-3e3eaa7 elementor-section-boxed elementor-section-height-default elementor-section-height-default\" data-id=\"3e3eaa7\" data-element_type=\"section\">\n\t\t\t\t\t\t<div class=\"elementor-container elementor-column-gap-default\">\n\t\t\t\t\t<div class=\"elementor-column elementor-col-50 elementor-top-column elementor-element elementor-element-194a823\" data-id=\"194a823\" data-element_type=\"column\">\n\t\t\t<div class=\"elementor-widget-wrap elementor-element-populated\">\n\t\t\t\t\t\t<div class=\"elementor-element elementor-element-0658370 elementor--h-position-center elementor--v-position-middle elementor-arrows-position-inside elementor-pagination-position-inside elementor-widget elementor-widget-slides\" data-id=\"0658370\" data-element_type=\"widget\" data-settings=\"{&quot;navigation&quot;:&quot;both&quot;,&quot;autoplay&quot;:&quot;yes&quot;,&quot;pause_on_hover&quot;:&quot;yes&quot;,&quot;pause_on_interaction&quot;:&quot;yes&quot;,&quot;autoplay_speed&quot;:5000,&quot;infinite&quot;:&quot;yes&quot;,&quot;transition&quot;:&quot;slide&quot;,&quot;transition_speed&quot;:500}\" data-widget_type=\"slides.default\">\n\t\t\t\t<div class=\"elementor-widget-container\">\n\t\t\t\t\t\t\t<div class=\"elementor-swiper\">\n\t\t\t<div class=\"elementor-slides-wrapper elementor-main-swiper swiper\" dir=\"ltr\" data-animation=\"fadeInUp\">\n\t\t\t\t<div class=\"swiper-wrapper elementor-slides\">\n\t\t\t\t\t\t\t\t\t\t<div class=\"elementor-repeater-item-04695c6 swiper-slide\"><div class=\"swiper-slide-bg\" role=\"img\"><\/div><div class=\"swiper-slide-inner\" ><div class=\"swiper-slide-contents\"><div class=\"elementor-slide-heading\">\u0420\u0430\u0437\u043c\u0435\u0449\u0435\u043d\u0438\u0435 \u043d\u0430 \u0421\u0438\u0446\u0438\u043b\u0438\u0438<\/div><div  class=\"elementor-button elementor-slide-button elementor-size-sm\">\u041f\u043e\u0434\u0440\u043e\u0431\u043d\u0435\u0435 \u0437\u0434\u0435\u0441\u044c<\/div><\/div><\/div><\/div>\t\t\t\t<\/div>\n\t\t\t\t\t\t\t<\/div>\n\t\t<\/div>\n\t\t\t\t\t\t<\/div>\n\t\t\t\t<\/div>\n\t\t\t\t\t<\/div>\n\t\t<\/div>\n\t\t\t\t<div class=\"elementor-column elementor-col-50 elementor-top-column elementor-element elementor-element-5d74519\" data-id=\"5d74519\" data-element_type=\"column\">\n\t\t\t<div class=\"elementor-widget-wrap elementor-element-populated\">\n\t\t\t\t\t\t<div class=\"elementor-element elementor-element-ac0eb33 elementor--h-position-center elementor--v-position-middle elementor-widget elementor-widget-slides\" data-id=\"ac0eb33\" data-element_type=\"widget\" data-settings=\"{&quot;navigation&quot;:&quot;none&quot;,&quot;autoplay&quot;:&quot;yes&quot;,&quot;pause_on_hover&quot;:&quot;yes&quot;,&quot;pause_on_interaction&quot;:&quot;yes&quot;,&quot;autoplay_speed&quot;:5000,&quot;infinite&quot;:&quot;yes&quot;,&quot;transition&quot;:&quot;slide&quot;,&quot;transition_speed&quot;:500}\" data-widget_type=\"slides.default\">\n\t\t\t\t<div class=\"elementor-widget-container\">\n\t\t\t\t\t\t\t<div class=\"elementor-swiper\">\n\t\t\t<div class=\"elementor-slides-wrapper elementor-main-swiper swiper\" dir=\"ltr\" data-animation=\"fadeInUp\">\n\t\t\t\t<div class=\"swiper-wrapper elementor-slides\">\n\t\t\t\t\t\t\t\t\t\t<div class=\"elementor-repeater-item-04695c6 swiper-slide\"><div class=\"swiper-slide-bg\" role=\"img\"><\/div><div class=\"swiper-slide-inner\" ><div class=\"swiper-slide-contents\"><div class=\"elementor-slide-heading\">\u0420\u0430\u0437\u043c\u0435\u0449\u0435\u043d\u0438\u0435 \u0432 \u0412\u0430\u043b\u043b\u0435 \u0434'\u0410\u043e\u0441\u0442\u0430<\/div><div  class=\"elementor-button elementor-slide-button elementor-size-sm\">\u041f\u043e\u0434\u0440\u043e\u0431\u043d\u0435\u0435 \u0437\u0434\u0435\u0441\u044c<\/div><\/div><\/div><\/div>\t\t\t\t<\/div>\n\t\t\t\t\t\t\t<\/div>\n\t\t<\/div>\n\t\t\t\t\t\t<\/div>\n\t\t\t\t<\/div>\n\t\t\t\t\t<\/div>\n\t\t<\/div>\n\t\t\t\t\t<\/div>\n\t\t<\/section>\n\t\t\t\t<\/div>\n\t\t","protected":false},"excerpt":{"rendered":"<p>\u00d0\u201d\u00d0\u00be\u00d0\u00b2\u00d0\u00b5\u00d1\u20ac\u00d1\u0152\u00d1\u201a\u00d0\u00b5\u00d1\u0081\u00d1\u0152 \u00d0\u00bd\u00d0\u00b0\u00d0\u00bc \u00d0\u00ad\u00d1\u201a\u00d0\u00be \u00d0\u00bb\u00d1\u0192\u00d1\u2021\u00d1\u02c6\u00d0\u00b8\u00d0\u00b9 \u00d0\u00b2\u00d1\u2039\u00d0\u00b1\u00d0\u00be\u00d1\u20ac \u00d0\u009d\u00d0\u00b0\u00d1\u02c6 \u00d1\u201a\u00d1\u0192\u00d1\u20ac\u00d0\u00be\u00d0\u00bf\u00d0\u00b5\u00d1\u20ac\u00d0\u00b0\u00d1\u201a\u00d0\u00be\u00d1\u20ac \u00d0\u00b2\u00d1\u0081\u00d0\u00b5\u00d0\u00b3\u00d0\u00b4\u00d0\u00b0 \u00d1\u20ac\u00d0\u00b0\u00d0\u00b4 \u00d0\u00bf\u00d0\u00be\u00d0\u00bc\u00d0\u00be\u00d1\u2021\u00d1\u0152 \u00d0\u2019\u00d0\u00b0\u00d0\u00bc \u00d1\u0081 \u00d0\u00b2\u00d1\u2039\u00d0\u00b1\u00d0\u00be\u00d1\u20ac\u00d0\u00be\u00d0\u00bc \u00d0\u00bd\u00d0\u00b0\u00d0\u00b8\u00d0\u00b1\u00d0\u00be\u00d0\u00bb\u00d0\u00b5\u00d0\u00b5 \u00d1\u0192\u00d0\u00b4\u00d0\u00be\u00d0\u00b1\u00d0\u00bd\u00d0\u00be\u00d0\u00b3\u00d0\u00be \u00d0\u00b8 \u00d1\u0081\u00d0\u00be\u00d0\u00be\u00d1\u201a\u00d0\u00b2\u00d0\u00b5\u00d1\u201a\u00d1\u0081\u00d1\u201a\u00d0\u00b2\u00d1\u0192\u00d1\u017d\u00d1\u2030\u00d0\u00b5\u00d0\u00b3\u00d0\u00be \u00d0\u00b2\u00d0\u00b0\u00d1\u02c6\u00d0\u00b8\u00d0\u00bc \u00d1\u201a\u00d1\u20ac\u00d0\u00b5\u00d0\u00b1\u00d0\u00be\u00d0\u00b2\u00d0\u00b0\u00d0\u00bd\u00d0\u00b8\u00d1\u008f\u00d0\u00bc \u00d0\u00b2\u00d0\u00b0\u00d1\u20ac\u00d0\u00b8\u00d0\u00b0\u00d0\u00bd\u00d1\u201a\u00d0\u00b0, \u00d0\u00bf\u00d1\u20ac\u00d0\u00b5\u00d0\u00b4\u00d0\u00be\u00d1\u0081\u00d1\u201a\u00d0\u00b0\u00d0\u00b2\u00d0\u00b8\u00d0\u00b2 \u00d0\u00bd\u00d0\u00b0\u00d0\u00b8\u00d0\u00b1\u00d0\u00be\u00d0\u00bb\u00d0\u00b5\u00d0\u00b5 \u00d0\u00bf\u00d0\u00be\u00d0\u00b4\u00d1\u2026\u00d0\u00be\u00d0\u00b4\u00d1\u008f\u00d1\u2030\u00d0\u00b5\u00d0\u00b5 \u00d0\u00bf\u00d1\u20ac\u00d0\u00b5\u00d0\u00b4\u00d0\u00bb\u00d0\u00be\u00d0\u00b6\u00d0\u00b5\u00d0\u00bd\u00d0\u00b8\u00d0\u00b5 \u00d0\u00b4\u00d0\u00bb\u00d1\u008f \u00d0\u00b2\u00d0\u00b0\u00d1\u02c6\u00d0\u00b5\u00d0\u00b3\u00d0\u00be \u00d0\u00be\u00d1\u201a\u00d0\u00b4\u00d1\u2039\u00d1\u2026\u00d0\u00b0 \u00d0\u00b2 \u00d0\u00be\u00d1\u201a\u00d0\u00b5\u00d0\u00bb\u00d0\u00b5 \u00d0\u00b8\u00d0\u00bb\u00d0\u00b8 \u00d1\u20ac\u00d0\u00b5\u00d0\u00b7\u00d0\u00b8\u00d0\u00b4\u00d0\u00b5\u00d0\u00bd\u00d1\u2020\u00d0\u00b8\u00d0\u00b8! \u00d0\u00a1\u00d0\u00be\u00d0\u00be\u00d0\u00b1\u00d1\u2030\u00d0\u00b8\u00d1\u201a\u00d0\u00b5 \u00d0\u00bd\u00d0\u00b0\u00d0\u00bc \u00d1\u0081\u00d0\u00b2\u00d0\u00be\u00d0\u00b8 \u00d0\u00bf\u00d0\u00be\u00d0\u00b6\u00d0\u00b5\u00d0\u00bb\u00d0\u00b0\u00d0\u00bd\u00d0\u00b8\u00d1\u008f, \u00d0\u00ba\u00d0\u00b0\u00d1\u201a\u00d0\u00b5\u00d0\u00b3\u00d0\u00be\u00d1\u20ac\u00d0\u00b8\u00d1\u017d \u00d0\u00b8 \u00d0\u00bc\u00d1\u2039 \u00d0\u00bf\u00d0\u00be\u00d0\u00b7\u00d0\u00b0\u00d0\u00b1\u00d0\u00be\u00d1\u201a\u00d0\u00b8\u00d0\u00bc\u00d1\u0081\u00d1\u008f \u00d0\u00be\u00d0\u00b1\u00d0\u00be \u00d0\u00b2\u00d1\u0081\u00d0\u00b5\u00d0\u00bc \u00d0\u00be\u00d1\u0081\u00d1\u201a\u00d0\u00b0\u00d0\u00bb\u00d1\u0152\u00d0\u00bd\u00d0\u00be\u00d0\u00bc! \u00d0\u201d\u00d0\u00bb\u00d1\u008f \u00d1\u201a\u00d0\u00b5\u00d1\u2026, \u00d0\u00ba\u00d1\u201a\u00d0\u00be \u00d0\u00bd\u00d0\u00b5 \u00d1\u2026\u00d0\u00be\u00d1\u201a\u00d0\u00b5\u00d0\u00bb \u00d0\u00b1\u00d1\u2039 \u00d0\u00bf\u00d1\u20ac\u00d0\u00be\u00d0\u00b2\u00d0\u00b5\u00d1\u0081\u00d1\u201a\u00d0\u00b8 \u00d1\u0081\u00d0\u00b2\u00d0\u00be\u00d0\u00b9 \u00d0\u00be\u00d1\u201a\u00d0\u00bf\u00d1\u0192\u00d1\u0081\u00d0\u00ba \u00d0\u00b2 \u00d0\u00be\u00d1\u201a\u00d0\u00b5\u00d0\u00bb\u00d0\u00b5, \u00d0\u00b0 \u00d0\u00bf\u00d1\u20ac\u00d0\u00b5\u00d0\u00b4\u00d0\u00bf\u00d0\u00be\u00d1\u2021\u00d0\u00b8\u00d1\u201a\u00d0\u00b0\u00d0\u00b5\u00d1\u201a [&hellip;]<\/p>\n","protected":false},"author":1,"featured_media":0,"parent":0,"menu_order":0,"comment_status":"closed","ping_status":"closed","template":"","meta":{"inline_featured_image":false,"footnotes":""},"class_list":["post-15198","page","type-page","status-publish","hentry"],"_links":{"self":[{"href":"https:\/\/www.elegantour.com\/ru\/wp-json\/wp\/v2\/pages\/15198","targetHints":{"allow":["GET"]}}],"collection":[{"href":"https:\/\/www.elegantour.com\/ru\/wp-json\/wp\/v2\/pages"}],"about":[{"href":"https:\/\/www.elegantour.com\/ru\/wp-json\/wp\/v2\/types\/page"}],"author":[{"embeddable":true,"href":"https:\/\/www.elegantour.com\/ru\/wp-json\/wp\/v2\/users\/1"}],"replies":[{"embeddable":true,"href":"https:\/\/www.elegantour.com\/ru\/wp-json\/wp\/v2\/comments?post=15198"}],"version-history":[{"count":4,"href":"https:\/\/www.elegantour.com\/ru\/wp-json\/wp\/v2\/pages\/15198\/revisions"}],"predecessor-version":[{"id":15847,"href":"https:\/\/www.elegantour.com\/ru\/wp-json\/wp\/v2\/pages\/15198\/revisions\/15847"}],"wp:attachment":[{"href":"https:\/\/www.elegantour.com\/ru\/wp-json\/wp\/v2\/media?parent=15198"}],"curies":[{"name":"wp","href":"https:\/\/api.w.org\/{rel}","templated":true}]}}