{"id":15240,"date":"2023-11-25T12:23:45","date_gmt":"2023-11-25T11:23:45","guid":{"rendered":"https:\/\/www.elegantour.com\/%d0%be%d1%80%d0%b3%d0%b0%d0%bd%d0%b8%d0%b7%d0%b0%d1%86%d0%b8%d1%8f-%d0%bc%d0%b5%d1%80%d0%be%d0%bf%d1%80%d0%b8%d1%8f%d1%82%d0%b8%d0%b9\/"},"modified":"2024-07-04T17:22:01","modified_gmt":"2024-07-04T15:22:01","slug":"%d0%be%d1%80%d0%b3%d0%b0%d0%bd%d0%b8%d0%b7%d0%b0%d1%86%d0%b8%d1%8f-%d0%bc%d0%b5%d1%80%d0%be%d0%bf%d1%80%d0%b8%d1%8f%d1%82%d0%b8%d0%b9","status":"publish","type":"page","link":"https:\/\/www.elegantour.com\/ru\/%d1%83%d1%81%d0%bb%d1%83%d0%b3%d0%b8\/%d0%be%d1%80%d0%b3%d0%b0%d0%bd%d0%b8%d0%b7%d0%b0%d1%86%d0%b8%d1%8f-%d0%bc%d0%b5%d1%80%d0%be%d0%bf%d1%80%d0%b8%d1%8f%d1%82%d0%b8%d0%b9\/","title":{"rendered":"\u00d0\u017e\u00d1\u20ac\u00d0\u00b3\u00d0\u00b0\u00d0\u00bd\u00d0\u00b8\u00d0\u00b7\u00d0\u00b0\u00d1\u2020\u00d0\u00b8\u00d1\u008f-\u00d0\u00bc\u00d0\u00b5\u00d1\u20ac\u00d0\u00be\u00d0\u00bf\u00d1\u20ac\u00d0\u00b8\u00d1\u008f\u00d1\u201a\u00d0\u00b8\u00d0\u00b9"},"content":{"rendered":"\t\t<div data-elementor-type=\"wp-page\" data-elementor-id=\"15240\" class=\"elementor elementor-15240 elementor-13456\">\n\t\t\t\t\t\t<div class=\"elementor-section elementor-top-section elementor-element elementor-element-af01743 elementor-section-height-min-height elementor-section-stretched elementor-section-boxed elementor-section-height-default elementor-section-items-middle\" data-id=\"af01743\" data-element_type=\"section\" data-settings=\"{&quot;stretch_section&quot;:&quot;section-stretched&quot;,&quot;background_background&quot;:&quot;classic&quot;}\">\n\t\t\t\t\t\t\t<div class=\"elementor-background-overlay\"><\/div>\n\t\t\t\t\t\t\t<div class=\"elementor-container elementor-column-gap-no\">\n\t\t\t\t\t<div class=\"elementor-column elementor-col-100 elementor-top-column elementor-element elementor-element-a60cbbb\" data-id=\"a60cbbb\" data-element_type=\"column\">\n\t\t\t<div class=\"elementor-widget-wrap\">\n\t\t\t\t\t\t\t<\/div>\n\t\t<\/div>\n\t\t\t\t\t<\/div>\n\t\t<\/div>\n\t\t\t\t<section class=\"elementor-section elementor-top-section elementor-element elementor-element-4243a09 elementor-section-boxed elementor-section-height-default elementor-section-height-default\" data-id=\"4243a09\" data-element_type=\"section\">\n\t\t\t\t\t\t<div class=\"elementor-container elementor-column-gap-default\">\n\t\t\t\t\t<div class=\"elementor-column elementor-col-100 elementor-top-column elementor-element elementor-element-e6bc8c3\" data-id=\"e6bc8c3\" data-element_type=\"column\">\n\t\t\t<div class=\"elementor-widget-wrap elementor-element-populated\">\n\t\t\t\t\t\t<div class=\"elementor-element elementor-element-4c841dd elementor-widget elementor-widget-text-editor\" data-id=\"4c841dd\" data-element_type=\"widget\" data-widget_type=\"text-editor.default\">\n\t\t\t\t<div class=\"elementor-widget-container\">\n\t\t\t\t\t\t\t\t\t<p><em><b>&#171;\u0421\u0434\u0435\u043b\u0430\u0439\u0442\u0435 \u0432\u0430\u0448\u0435 \u043c\u0435\u0440\u043e\u043f\u0440\u0438\u044f\u0442\u0438\u0435 \u0443\u043d\u0438\u043a\u0430\u043b\u044c\u043d\u044b\u043c. \u0421\u0434\u0435\u043b\u0430\u0439\u0442\u0435 \u0435\u0433\u043e \u043d\u0435\u0437\u0430\u0431\u044b\u0432\u0430\u0435\u043c\u044b\u043c. \u0421\u0434\u0435\u043b\u0430\u0439\u0442\u0435 \u0435\u0433\u043e \u043f\u0440\u0438\u0432\u043b\u0435\u043a\u0430\u0442\u0435\u043b\u044c\u043d\u044b\u043c \u0438 \u0438\u043d\u0442\u0435\u0440\u0435\u0441\u043d\u044b\u043c \u0421\u0434\u0435\u043b\u0430\u0439\u0442\u0435 \u0435\u0433\u043e \u0432\u0435\u0441\u0435\u043b\u044c\u0435\u043c \u0438 \u043d\u0435\u043f\u043e\u0441\u0440\u0435\u0434\u0441\u0442\u0432\u0435\u043d\u043d\u044b\u043c. \u0418\u043c\u0435\u043d\u043d\u043e \u0434\u043b\u044f \u044d\u0442\u043e\u0433\u043e \u043c\u044b \u0437\u0434\u0435\u0441\u044c \u0434\u043b\u044f \u0412\u0430\u0441!<\/b><\/em><em><b>&#187; <\/b><\/em><\/p>\n\t\t\t\t\t\t\t\t<\/div>\n\t\t\t\t<\/div>\n\t\t\t\t\t<\/div>\n\t\t<\/div>\n\t\t\t\t\t<\/div>\n\t\t<\/section>\n\t\t\t\t<section class=\"elementor-section elementor-top-section elementor-element elementor-element-d1bcd97 elementor-section-boxed elementor-section-height-default elementor-section-height-default\" data-id=\"d1bcd97\" data-element_type=\"section\">\n\t\t\t\t\t\t<div class=\"elementor-container elementor-column-gap-default\">\n\t\t\t\t\t<div class=\"elementor-column elementor-col-100 elementor-top-column elementor-element elementor-element-057015e\" data-id=\"057015e\" data-element_type=\"column\">\n\t\t\t<div class=\"elementor-widget-wrap elementor-element-populated\">\n\t\t\t\t\t\t<div class=\"elementor-element elementor-element-23c05fe elementor-widget elementor-widget-text-editor\" data-id=\"23c05fe\" data-element_type=\"widget\" data-widget_type=\"text-editor.default\">\n\t\t\t\t<div class=\"elementor-widget-container\">\n\t\t\t\t\t\t\t\t\t<p>\u041c\u044b \u043f\u0440\u0435\u0434\u043b\u0430\u0433\u0430\u0435\u043c \u043f\u0440\u043e\u0444\u0435\u0441\u0441\u0438\u043e\u043d\u0430\u043b\u044c\u043d\u0443\u044e \u043f\u043e\u043c\u043e\u0449\u044c \u0432 \u043e\u0440\u0433\u0430\u043d\u0438\u0437\u0430\u0446\u0438\u0438 \u043b\u044e\u0431\u043e\u0433\u043e \u043c\u0435\u0440\u043e\u043f\u0440\u0438\u044f\u0442\u0438\u044f, \u0447\u0442\u043e\u0431\u044b \u043e\u043d\u043e \u043f\u0440\u043e\u0448\u043b\u043e \u043d\u0430 \u0432\u044b\u0441\u0448\u0435\u043c \u0443\u0440\u043e\u0432\u043d\u0435. \u041c\u044b \u0433\u043e\u0442\u043e\u0432\u044b \u043e\u043a\u0430\u0437\u0430\u0442\u044c \u0432\u0430\u043c \u043f\u043e\u0434\u0434\u0435\u0440\u0436\u043a\u0443 \u043d\u0430 \u0432\u0441\u0435\u0445 \u044d\u0442\u0430\u043f\u0430\u0445 \u043f\u043e\u0434\u0433\u043e\u0442\u043e\u0432\u043a\u0438 \u0438 \u0440\u0435\u0430\u043b\u0438\u0437\u0430\u0446\u0438\u0438 \u0432\u0430\u0448\u0438\u0445 \u043f\u043b\u0430\u043d\u043e\u0432. \u0421\u043e\u0437\u0434\u0430\u043d\u0438\u0435 \u0438\u0434\u0435\u0430\u043b\u044c\u043d\u043e\u0433\u043e \u0441\u043e\u0431\u044b\u0442\u0438\u044f \u0442\u0440\u0435\u0431\u0443\u0435\u0442 \u043f\u043e\u0434\u0433\u043e\u0442\u043e\u0432\u043a\u0438 \u0441 \u0443\u043d\u0438\u043a\u0430\u043b\u044c\u043d\u044b\u043c \u0438\u0442\u0430\u043b\u044c\u044f\u043d\u0441\u043a\u0438\u043c \u0432\u043a\u0443\u0441\u043e\u043c \u0434\u043e \u043c\u0435\u043b\u044c\u0447\u0430\u0439\u0448\u0438\u0445 \u0434\u0435\u0442\u0430\u043b\u0435\u0439. \u041e\u0441\u043d\u043e\u0432\u043d\u043e\u0435 <b> \u043f\u0440\u0430\u0432\u0438\u043b\u043e<\/b> \u0434\u043b\u044f \u044d\u0442\u043e\u0433\u043e &#8212; <b>\u043d\u0435 \u0441\u043a\u0443\u0447\u0430\u0442\u044c<\/b>, <b>\u0430 \u0432\u043e\u0432\u043b\u0435\u043a\u0430\u0442\u044c<\/b> \u0438 <b>\u0441\u0442\u0438\u043c\u0443\u043b\u0438\u0440\u043e\u0432\u0430\u0442\u044c<\/b> \u0443\u0447\u0430\u0441\u0442\u0438\u0435 \u0447\u0435\u0440\u0435\u0437 \u043e\u0431\u0449\u0438\u0435 \u0446\u0435\u043d\u043d\u043e\u0441\u0442\u0438. Elegantour \u043f\u0440\u0435\u0434\u043b\u0430\u0433\u0430\u0435\u0442 \u0448\u0438\u0440\u043e\u043a\u0438\u0439 \u0441\u043f\u0435\u043a\u0442\u0440 \u043c\u0435\u0440\u043e\u043f\u0440\u0438\u044f\u0442\u0438\u0439, \u043e\u0442 \u0434\u043d\u0435\u0439 \u0440\u043e\u0436\u0434\u0435\u043d\u0438\u044f \u0434\u043e \u043a\u043e\u0440\u043f\u043e\u0440\u0430\u0442\u0438\u0432\u043d\u044b\u0445 \u043c\u0435\u0440\u043e\u043f\u0440\u044f\u0442\u0438\u0439, \u0442\u0438\u043c\u0431\u0438\u043b\u0434\u0438\u043d\u0433, \u0432\u043a\u043b\u044e\u0447\u0430\u044f \u043a\u043e\u043d\u0444\u0435\u0440\u0435\u043d\u0446\u0438\u0438 \u0438 \u043a\u043e\u043d\u0433\u0440\u0435\u0441\u0441\u044b, \u0430 \u0442\u0430\u043a\u0436\u0435 \u0431\u043e\u043b\u0435\u0435 \u0444\u043e\u0440\u043c\u0430\u043b\u044c\u043d\u044b\u0435 \u0441\u043e\u0431\u044b\u0442\u0438\u044f, \u0442\u0430\u043a\u0438\u0435 \u043a\u0430\u043a \u0432\u043e\u0437\u043c\u043e\u0436\u043d\u044b\u0435 \u0438\u043d\u0441\u0442\u0438\u0442\u0443\u0446\u0438\u043e\u043d\u0430\u043b\u044c\u043d\u044b\u0435 \u043c\u0435\u0440\u043e\u043f\u0440\u0438\u044f\u0442\u0438\u044f \u0438 \u0434\u0430\u0436\u0435 \u043e\u0440\u0433\u0430\u043d\u0438\u0437\u0430\u0446\u0438\u044f \u043f\u043e\u043a\u0430\u0437\u043e\u0432 \u043c\u043e\u0434 \u0440\u0430\u0437\u043b\u0438\u0447\u043d\u043e\u0433\u043e \u043d\u0430\u043f\u0440\u0430\u0432\u043b\u0435\u043d\u0438\u044f.<\/p>\n\t\t\t\t\t\t\t\t<\/div>\n\t\t\t\t<\/div>\n\t\t\t\t\t<\/div>\n\t\t<\/div>\n\t\t\t\t\t<\/div>\n\t\t<\/section>\n\t\t\t\t<\/div>\n\t\t","protected":false},"excerpt":{"rendered":"<p>&#171;\u00d0\u00a1\u00d0\u00b4\u00d0\u00b5\u00d0\u00bb\u00d0\u00b0\u00d0\u00b9\u00d1\u201a\u00d0\u00b5 \u00d0\u00b2\u00d0\u00b0\u00d1\u02c6\u00d0\u00b5 \u00d0\u00bc\u00d0\u00b5\u00d1\u20ac\u00d0\u00be\u00d0\u00bf\u00d1\u20ac\u00d0\u00b8\u00d1\u008f\u00d1\u201a\u00d0\u00b8\u00d0\u00b5 \u00d1\u0192\u00d0\u00bd\u00d0\u00b8\u00d0\u00ba\u00d0\u00b0\u00d0\u00bb\u00d1\u0152\u00d0\u00bd\u00d1\u2039\u00d0\u00bc. \u00d0\u00a1\u00d0\u00b4\u00d0\u00b5\u00d0\u00bb\u00d0\u00b0\u00d0\u00b9\u00d1\u201a\u00d0\u00b5 \u00d0\u00b5\u00d0\u00b3\u00d0\u00be \u00d0\u00bd\u00d0\u00b5\u00d0\u00b7\u00d0\u00b0\u00d0\u00b1\u00d1\u2039\u00d0\u00b2\u00d0\u00b0\u00d0\u00b5\u00d0\u00bc\u00d1\u2039\u00d0\u00bc. \u00d0\u00a1\u00d0\u00b4\u00d0\u00b5\u00d0\u00bb\u00d0\u00b0\u00d0\u00b9\u00d1\u201a\u00d0\u00b5 \u00d0\u00b5\u00d0\u00b3\u00d0\u00be \u00d0\u00bf\u00d1\u20ac\u00d0\u00b8\u00d0\u00b2\u00d0\u00bb\u00d0\u00b5\u00d0\u00ba\u00d0\u00b0\u00d1\u201a\u00d0\u00b5\u00d0\u00bb\u00d1\u0152\u00d0\u00bd\u00d1\u2039\u00d0\u00bc \u00d0\u00b8 \u00d0\u00b8\u00d0\u00bd\u00d1\u201a\u00d0\u00b5\u00d1\u20ac\u00d0\u00b5\u00d1\u0081\u00d0\u00bd\u00d1\u2039\u00d0\u00bc \u00d0\u00a1\u00d0\u00b4\u00d0\u00b5\u00d0\u00bb\u00d0\u00b0\u00d0\u00b9\u00d1\u201a\u00d0\u00b5 \u00d0\u00b5\u00d0\u00b3\u00d0\u00be \u00d0\u00b2\u00d0\u00b5\u00d1\u0081\u00d0\u00b5\u00d0\u00bb\u00d1\u0152\u00d0\u00b5\u00d0\u00bc \u00d0\u00b8 \u00d0\u00bd\u00d0\u00b5\u00d0\u00bf\u00d0\u00be\u00d1\u0081\u00d1\u20ac\u00d0\u00b5\u00d0\u00b4\u00d1\u0081\u00d1\u201a\u00d0\u00b2\u00d0\u00b5\u00d0\u00bd\u00d0\u00bd\u00d1\u2039\u00d0\u00bc. \u00d0\u02dc\u00d0\u00bc\u00d0\u00b5\u00d0\u00bd\u00d0\u00bd\u00d0\u00be \u00d0\u00b4\u00d0\u00bb\u00d1\u008f \u00d1\u008d\u00d1\u201a\u00d0\u00be\u00d0\u00b3\u00d0\u00be \u00d0\u00bc\u00d1\u2039 \u00d0\u00b7\u00d0\u00b4\u00d0\u00b5\u00d1\u0081\u00d1\u0152 \u00d0\u00b4\u00d0\u00bb\u00d1\u008f \u00d0\u2019\u00d0\u00b0\u00d1\u0081!&#187; \u00d0\u0153\u00d1\u2039 \u00d0\u00bf\u00d1\u20ac\u00d0\u00b5\u00d0\u00b4\u00d0\u00bb\u00d0\u00b0\u00d0\u00b3\u00d0\u00b0\u00d0\u00b5\u00d0\u00bc \u00d0\u00bf\u00d1\u20ac\u00d0\u00be\u00d1\u201e\u00d0\u00b5\u00d1\u0081\u00d1\u0081\u00d0\u00b8\u00d0\u00be\u00d0\u00bd\u00d0\u00b0\u00d0\u00bb\u00d1\u0152\u00d0\u00bd\u00d1\u0192\u00d1\u017d \u00d0\u00bf\u00d0\u00be\u00d0\u00bc\u00d0\u00be\u00d1\u2030\u00d1\u0152 \u00d0\u00b2 \u00d0\u00be\u00d1\u20ac\u00d0\u00b3\u00d0\u00b0\u00d0\u00bd\u00d0\u00b8\u00d0\u00b7\u00d0\u00b0\u00d1\u2020\u00d0\u00b8\u00d0\u00b8 \u00d0\u00bb\u00d1\u017d\u00d0\u00b1\u00d0\u00be\u00d0\u00b3\u00d0\u00be \u00d0\u00bc\u00d0\u00b5\u00d1\u20ac\u00d0\u00be\u00d0\u00bf\u00d1\u20ac\u00d0\u00b8\u00d1\u008f\u00d1\u201a\u00d0\u00b8\u00d1\u008f, \u00d1\u2021\u00d1\u201a\u00d0\u00be\u00d0\u00b1\u00d1\u2039 \u00d0\u00be\u00d0\u00bd\u00d0\u00be \u00d0\u00bf\u00d1\u20ac\u00d0\u00be\u00d1\u02c6\u00d0\u00bb\u00d0\u00be \u00d0\u00bd\u00d0\u00b0 \u00d0\u00b2\u00d1\u2039\u00d1\u0081\u00d1\u02c6\u00d0\u00b5\u00d0\u00bc \u00d1\u0192\u00d1\u20ac\u00d0\u00be\u00d0\u00b2\u00d0\u00bd\u00d0\u00b5. \u00d0\u0153\u00d1\u2039 \u00d0\u00b3\u00d0\u00be\u00d1\u201a\u00d0\u00be\u00d0\u00b2\u00d1\u2039 \u00d0\u00be\u00d0\u00ba\u00d0\u00b0\u00d0\u00b7\u00d0\u00b0\u00d1\u201a\u00d1\u0152 \u00d0\u00b2\u00d0\u00b0\u00d0\u00bc \u00d0\u00bf\u00d0\u00be\u00d0\u00b4\u00d0\u00b4\u00d0\u00b5\u00d1\u20ac\u00d0\u00b6\u00d0\u00ba\u00d1\u0192 \u00d0\u00bd\u00d0\u00b0 \u00d0\u00b2\u00d1\u0081\u00d0\u00b5\u00d1\u2026 \u00d1\u008d\u00d1\u201a\u00d0\u00b0\u00d0\u00bf\u00d0\u00b0\u00d1\u2026 \u00d0\u00bf\u00d0\u00be\u00d0\u00b4\u00d0\u00b3\u00d0\u00be\u00d1\u201a\u00d0\u00be\u00d0\u00b2\u00d0\u00ba\u00d0\u00b8 \u00d0\u00b8 \u00d1\u20ac\u00d0\u00b5\u00d0\u00b0\u00d0\u00bb\u00d0\u00b8\u00d0\u00b7\u00d0\u00b0\u00d1\u2020\u00d0\u00b8\u00d0\u00b8 \u00d0\u00b2\u00d0\u00b0\u00d1\u02c6\u00d0\u00b8\u00d1\u2026 \u00d0\u00bf\u00d0\u00bb\u00d0\u00b0\u00d0\u00bd\u00d0\u00be\u00d0\u00b2. \u00d0\u00a1\u00d0\u00be\u00d0\u00b7\u00d0\u00b4\u00d0\u00b0\u00d0\u00bd\u00d0\u00b8\u00d0\u00b5 \u00d0\u00b8\u00d0\u00b4\u00d0\u00b5\u00d0\u00b0\u00d0\u00bb\u00d1\u0152\u00d0\u00bd\u00d0\u00be\u00d0\u00b3\u00d0\u00be \u00d1\u0081\u00d0\u00be\u00d0\u00b1\u00d1\u2039\u00d1\u201a\u00d0\u00b8\u00d1\u008f \u00d1\u201a\u00d1\u20ac\u00d0\u00b5\u00d0\u00b1\u00d1\u0192\u00d0\u00b5\u00d1\u201a [&hellip;]<\/p>\n","protected":false},"author":1,"featured_media":0,"parent":15324,"menu_order":0,"comment_status":"closed","ping_status":"closed","template":"","meta":{"inline_featured_image":false,"footnotes":""},"class_list":["post-15240","page","type-page","status-publish","hentry"],"_links":{"self":[{"href":"https:\/\/www.elegantour.com\/ru\/wp-json\/wp\/v2\/pages\/15240","targetHints":{"allow":["GET"]}}],"collection":[{"href":"https:\/\/www.elegantour.com\/ru\/wp-json\/wp\/v2\/pages"}],"about":[{"href":"https:\/\/www.elegantour.com\/ru\/wp-json\/wp\/v2\/types\/page"}],"author":[{"embeddable":true,"href":"https:\/\/www.elegantour.com\/ru\/wp-json\/wp\/v2\/users\/1"}],"replies":[{"embeddable":true,"href":"https:\/\/www.elegantour.com\/ru\/wp-json\/wp\/v2\/comments?post=15240"}],"version-history":[{"count":2,"href":"https:\/\/www.elegantour.com\/ru\/wp-json\/wp\/v2\/pages\/15240\/revisions"}],"predecessor-version":[{"id":15783,"href":"https:\/\/www.elegantour.com\/ru\/wp-json\/wp\/v2\/pages\/15240\/revisions\/15783"}],"up":[{"embeddable":true,"href":"https:\/\/www.elegantour.com\/ru\/wp-json\/wp\/v2\/pages\/15324"}],"wp:attachment":[{"href":"https:\/\/www.elegantour.com\/ru\/wp-json\/wp\/v2\/media?parent=15240"}],"curies":[{"name":"wp","href":"https:\/\/api.w.org\/{rel}","templated":true}]}}