{"id":15242,"date":"2023-11-24T20:27:31","date_gmt":"2023-11-24T19:27:31","guid":{"rendered":"https:\/\/www.elegantour.com\/%d0%be%d1%80%d0%b3%d0%b0%d0%bd%d0%b8%d0%b7%d0%b0%d1%86%d0%b8%d1%8f-%d1%81%d0%b2%d0%b0%d0%b4%d0%b5%d0%b1%d0%bd%d1%8b%d1%85-%d1%86%d0%b5%d1%80%d0%b5%d0%bc%d0%be%d0%bd%d0%b8%d0%b9\/"},"modified":"2024-07-04T17:22:17","modified_gmt":"2024-07-04T15:22:17","slug":"%d0%be%d1%80%d0%b3%d0%b0%d0%bd%d0%b8%d0%b7%d0%b0%d1%86%d0%b8%d1%8f-%d1%81%d0%b2%d0%b0%d0%b4%d0%b5%d0%b1%d0%bd%d1%8b%d1%85-%d1%86%d0%b5%d1%80%d0%b5%d0%bc%d0%be%d0%bd%d0%b8%d0%b9","status":"publish","type":"page","link":"https:\/\/www.elegantour.com\/ru\/%d1%83%d1%81%d0%bb%d1%83%d0%b3%d0%b8\/%d0%be%d1%80%d0%b3%d0%b0%d0%bd%d0%b8%d0%b7%d0%b0%d1%86%d0%b8%d1%8f-%d1%81%d0%b2%d0%b0%d0%b4%d0%b5%d0%b1%d0%bd%d1%8b%d1%85-%d1%86%d0%b5%d1%80%d0%b5%d0%bc%d0%be%d0%bd%d0%b8%d0%b9\/","title":{"rendered":"\u00d0\u017e\u00d1\u20ac\u00d0\u00b3\u00d0\u00b0\u00d0\u00bd\u00d0\u00b8\u00d0\u00b7\u00d0\u00b0\u00d1\u2020\u00d0\u00b8\u00d1\u008f-\u00d1\u0081\u00d0\u00b2\u00d0\u00b0\u00d0\u00b4\u00d0\u00b5\u00d0\u00b1\u00d0\u00bd\u00d1\u2039\u00d1\u2026-\u00d1\u2020\u00d0\u00b5\u00d1\u20ac\u00d0\u00b5\u00d0\u00bc\u00d0\u00be\u00d0\u00bd\u00d0\u00b8\u00d0\u00b9"},"content":{"rendered":"\t\t<div data-elementor-type=\"wp-page\" data-elementor-id=\"15242\" class=\"elementor elementor-15242 elementor-13449\">\n\t\t\t\t\t\t<div class=\"elementor-section elementor-top-section elementor-element elementor-element-a4ca8e4 elementor-section-height-min-height elementor-section-stretched elementor-section-boxed elementor-section-height-default elementor-section-items-middle\" data-id=\"a4ca8e4\" data-element_type=\"section\" data-settings=\"{&quot;stretch_section&quot;:&quot;section-stretched&quot;,&quot;background_background&quot;:&quot;classic&quot;}\">\n\t\t\t\t\t\t\t<div class=\"elementor-background-overlay\"><\/div>\n\t\t\t\t\t\t\t<div class=\"elementor-container elementor-column-gap-no\">\n\t\t\t\t\t<div class=\"elementor-column elementor-col-100 elementor-top-column elementor-element elementor-element-1c45b07\" data-id=\"1c45b07\" data-element_type=\"column\">\n\t\t\t<div class=\"elementor-widget-wrap\">\n\t\t\t\t\t\t\t<\/div>\n\t\t<\/div>\n\t\t\t\t\t<\/div>\n\t\t<\/div>\n\t\t\t\t<section class=\"elementor-section elementor-top-section elementor-element elementor-element-46b9ec8 elementor-section-boxed elementor-section-height-default elementor-section-height-default\" data-id=\"46b9ec8\" data-element_type=\"section\">\n\t\t\t\t\t\t<div class=\"elementor-container elementor-column-gap-default\">\n\t\t\t\t\t<div class=\"elementor-column elementor-col-100 elementor-top-column elementor-element elementor-element-cc06503\" data-id=\"cc06503\" data-element_type=\"column\">\n\t\t\t<div class=\"elementor-widget-wrap elementor-element-populated\">\n\t\t\t\t\t\t<div class=\"elementor-element elementor-element-22bf7d5 elementor-widget elementor-widget-text-editor\" data-id=\"22bf7d5\" data-element_type=\"widget\" data-widget_type=\"text-editor.default\">\n\t\t\t\t<div class=\"elementor-widget-container\">\n\t\t\t\t\t\t\t\t\t<p><em><b>\u00ab\u042f \u0437\u043d\u0430\u044e \u0441\u043f\u043e\u0441\u043e\u0431 \u0438\u0437\u043c\u0435\u043d\u0438\u0442\u044c \u043c\u0438\u0440: \u043f\u043e\u0441\u043c\u043e\u0442\u0440\u0435\u0442\u044c \u0435\u0433\u043e \u0432\u043c\u0435\u0441\u0442\u0435 \u0441 \u0442\u043e\u0431\u043e\u0439.\u00bb <\/b><\/em><em><b>&#8212; <\/b>(Cesare Cremonini)<\/em><\/p>\t\t\t\t\t\t\t\t<\/div>\n\t\t\t\t<\/div>\n\t\t\t\t\t<\/div>\n\t\t<\/div>\n\t\t\t\t\t<\/div>\n\t\t<\/section>\n\t\t\t\t<section class=\"elementor-section elementor-top-section elementor-element elementor-element-92a3492 elementor-section-boxed elementor-section-height-default elementor-section-height-default\" data-id=\"92a3492\" data-element_type=\"section\">\n\t\t\t\t\t\t<div class=\"elementor-container elementor-column-gap-default\">\n\t\t\t\t\t<div class=\"elementor-column elementor-col-100 elementor-top-column elementor-element elementor-element-d35bfcc\" data-id=\"d35bfcc\" data-element_type=\"column\">\n\t\t\t<div class=\"elementor-widget-wrap elementor-element-populated\">\n\t\t\t\t\t\t<div class=\"elementor-element elementor-element-ad3879d elementor-widget elementor-widget-text-editor\" data-id=\"ad3879d\" data-element_type=\"widget\" data-widget_type=\"text-editor.default\">\n\t\t\t\t<div class=\"elementor-widget-container\">\n\t\t\t\t\t\t\t\t\t<p>\u0414\u043b\u044f \u0442\u0435\u0445, \u043a\u0442\u043e \u043c\u0435\u0447\u0442\u0430\u0435\u0442 \u043e \u0441\u0432\u0430\u0434\u044c\u0431\u0435, \u043e\u0442\u043b\u0438\u0447\u0430\u044e\u0449\u0435\u0439\u0441\u044f \u044d\u043b\u0435\u0433\u0430\u043d\u0442\u043d\u043e\u0441\u0442\u044c\u044e \u0438 \u044d\u043a\u0441\u043a\u043b\u044e\u0437\u0438\u0432\u043d\u043e\u0441\u0442\u044c\u044e, EleganTour \u0433\u043e\u0442\u043e\u0432 \u0432\u043e\u043f\u043b\u043e\u0442\u0438\u0442\u044c \u0412\u0430\u0448\u0443 \u043c\u0435\u0447\u0442\u0443 \u0432 \u0440\u0435\u0430\u043b\u044c\u043d\u043e\u0441\u0442\u044c. \u0422\u0443\u0440\u043e\u043f\u0435\u0440\u0430\u0442\u043e\u0440 EleganTour, \u043f\u043e\u043b\u0443\u0447\u0438\u0432\u0448\u0438\u0439 \u043e\u0444\u0438\u0446\u0438\u0430\u043b\u044c\u043d\u044b\u0439 \u0441\u0435\u0440\u0442\u0438\u0444\u0438\u043a\u0430\u0442 \u0443\u0433\u043b\u0443\u0431\u043b\u0435\u043d\u043d\u043e\u0433\u043e \u0438\u0437\u0443\u0447\u0435\u043d\u0438\u044f \u0421\u0432\u0430\u0434\u0435\u0431\u043d\u043e\u0433\u043e \u041f\u043b\u0430\u043d\u0438\u0440\u043e\u0432\u0430\u043d\u0438\u044f Wedding Planner, \u0441 \u0443\u0434\u043e\u0432\u043e\u043b\u044c\u0441\u0442\u0432\u0438\u0435\u043c \u043e\u0442\u0432\u0435\u0442\u0438\u0442 \u043d\u0430 \u0432\u0430\u0448\u0438 \u0432\u043e\u043f\u0440\u043e\u0441\u044b \u0438 \u043f\u043e\u043c\u043e\u0436\u0435\u0442 \u043e\u0440\u0433\u0430\u043d\u0438\u0437\u043e\u0432\u0430\u0442\u044c \u043d\u0435\u043f\u043e\u0432\u0442\u043e\u0440\u0438\u043c\u043e\u0435 \u0442\u043e\u0440\u0436\u0435\u0441\u0442\u0432\u043e \u0432 \u043e\u0434\u043d\u043e\u0439 \u0438\u0437 \u0441\u0430\u043c\u044b\u0445 \u0432\u043e\u043b\u0448\u0435\u0431\u043d\u044b\u0445 \u0438 \u043f\u043b\u0435\u043d\u0438\u0442\u0435\u043b\u044c\u043d\u044b\u0445 \u0441\u0442\u0440\u0430\u043d \u0415\u0432\u0440\u043e\u043f\u044b &#8212; \u0418\u0442\u0430\u043b\u0438\u0438.<\/p>\n<p>\u041c\u044b \u043f\u0440\u0435\u0434\u043b\u0430\u0433\u0430\u0435\u043c \u0443\u0441\u043b\u0443\u0433\u0438 \u043f\u043e \u043e\u0440\u0433\u0430\u043d\u0438\u0437\u0430\u0446\u0438\u0438 \u043f\u0440\u043e\u0432\u0435\u0434\u0435\u043d\u0438\u044f \u0441\u0432\u0430\u0434\u0435\u0431\u043d\u043e\u0439 \u0446\u0435\u0440\u0435\u043c\u043e\u043d\u0438\u0438 \u0432 \u0434\u0432\u0443\u0445 \u0442\u0430\u043a\u0438\u0445 \u0440\u0430\u0437\u043d\u044b\u0445, \u043d\u043e \u043d\u0430\u0441\u0442\u043e\u043b\u044c\u043a\u043e \u043c\u0430\u043d\u044f\u0449\u0438\u0445 \u0443\u0433\u043e\u043b\u043a\u0430\u0445 \u0418\u0442\u0430\u043b\u0438\u0438: \u043d\u0430 \u0441\u043e\u043b\u043d\u0435\u0447\u043d\u043e\u043c \u043e\u0441\u0442\u0440\u043e\u0432\u0435 \u0421\u0438\u0446\u0438\u043b\u0438\u044f \u0438 \u0432 \u0433\u043e\u0440\u043d\u043e\u0439 \u043e\u0431\u043b\u0430\u0441\u0442\u0438 \u0412\u0430\u043b\u043b\u0435 \u0434\u2019\u0410\u043e\u0441\u0442\u0430.<\/p>\n<p>\u0412\u0441\u0435, \u0447\u0442\u043e \u0432\u0430\u043c \u043d\u0443\u0436\u043d\u043e \u0441\u0434\u0435\u043b\u0430\u0442\u044c, &#8212; \u044d\u0442\u043e \u0440\u0430\u0441\u0441\u043a\u0430\u0437\u0430\u0442\u044c \u043d\u0430\u043c \u043e \u0441\u0435\u0431\u0435 \u0438 \u0441\u0432\u043e\u0435\u043c \u0441\u0442\u0438\u043b\u0435, \u0438 \u043c\u044b \u043e\u0440\u0433\u0430\u043d\u0438\u0437\u0443\u0435\u043c \u044d\u0442\u043e \u0441\u043e\u0431\u044b\u0442\u0438\u0435 \u0432\u0430\u0448\u0435\u0439 \u043c\u0435\u0447\u0442\u044b, \u0432\u043f\u043b\u043e\u0442\u044c \u0434\u043e \u043c\u0435\u043b\u044c\u0447\u0430\u0439\u0448\u0438\u0445 \u0434\u0435\u0442\u0430\u043b\u0435\u0439. \u041d\u0430\u0448\u0430 \u043f\u0440\u0435\u0438\u043c\u0443\u0449\u0435\u0441\u0442\u0432\u043e &#8212; \u044d\u0442\u043e \u043f\u0440\u043e\u0444\u0435\u0441\u0441\u0438\u043e\u043d\u0430\u043b\u044c\u043d\u0430\u044f \u043a\u043e\u043c\u0430\u043d\u0434\u0430, \u043a\u043e\u0442\u043e\u0440\u0430\u044f \u0431\u0443\u0434\u0435\u0442 \u0441\u043b\u0435\u0434\u0438\u0442\u044c \u0437\u0430 \u043a\u0430\u0436\u0434\u044b\u043c \u044d\u0442\u0430\u043f\u043e\u043c \u043f\u043e\u0434\u0433\u043e\u0442\u043e\u0432\u043a\u0438 \u0438 \u0440\u0435\u0430\u043b\u0438\u0437\u0430\u0446\u0438\u0438 \u044d\u0442\u043e\u0433\u043e \u043f\u0440\u0435\u043a\u0440\u0430\u0441\u043d\u043e\u0433\u043e \u0438 \u043d\u0435\u0437\u0430\u0431\u044b\u0432\u0430\u0435\u043c\u043e\u0433\u043e \u0441\u043e\u0431\u044b\u0442\u0438\u044f \u0434\u043b\u044f \u0412\u0430\u0441. \u0411\u0443\u0434\u0435\u043c \u0440\u044b\u0434\u044b \u043e\u0440\u0433\u0430\u043d\u0438\u0437\u043e\u0432\u0430\u0442\u044c \u0434\u043b\u044f \u0432\u0430\u0441:<\/p>\n<ul>\n<li>\u0440\u0430\u0437\u043c\u0435\u0449\u0435\u043d\u0438\u0435 \u0432 \u043b\u0443\u0447\u0448\u0438\u0445 \u043e\u0442\u0435\u043b\u044f\u0445;<\/li>\n<li>\u043e\u0440\u0433\u0430\u043d\u0438\u0437\u0430\u0446\u0438\u044f \u0446\u0435\u0440\u0435\u043c\u043e\u043d\u0438\u0438;<\/li>\n<li>\u0430\u0440\u0435\u043d\u0434\u0430 \u0442\u0440\u0430\u043d\u0441\u043f\u043e\u0440\u0442\u0430;<\/li>\n<li>\u0441\u0432\u0430\u0434\u0435\u0431\u043d\u044b\u0435 \u043d\u0430\u0440\u044f\u0434\u044b \u0438 \u0446\u0432\u0435\u0442\u044b;<\/li>\n<li>\u0441\u0432\u0430\u0434\u0435\u0431\u043d\u044b\u0439 \u0431\u0430\u043d\u043a\u0435\u0442 \u0441 \u0440\u0430\u0437\u0432\u043b\u0435\u043a\u0430\u0442\u0435\u043b\u044c\u043d\u043e\u0439 \u043f\u0440\u043e\u0433\u0440\u0430\u043c\u043c\u043e\u0439;<\/li>\n<li>\u0437\u0430\u0445\u0432\u0430\u0442\u044b\u0432\u0430\u044e\u0449\u0438\u0435 \u0444\u043e\u0442\u043e \u0438 \u0432\u0438\u0434\u0435\u043e\u0441\u044a\u0435\u043c\u043a\u0430;<\/li>\n<li>\u043f\u043e\u043c\u043e\u0449\u044c \u0441\u0442\u0438\u043b\u0438\u0441\u0442\u043e\u0432 \u0438 \u0432\u0438\u0437\u0430\u0436\u0438\u0441\u0442\u043e\u0432;<\/li>\n<li>\u0442\u0435\u0445\u043d\u0438\u0447\u0435\u0441\u043a\u043e\u0435 \u043e\u0431\u0435\u0441\u043f\u0435\u0447\u0435\u043d\u0438\u0435;<\/li>\n<li>\u0430\u0440\u0435\u043d\u0434\u0430 \u043f\u043e\u043c\u0435\u0449\u0435\u043d\u0438\u044f \u0438 \u0435\u0433\u043e \u0434\u0435\u043a\u043e\u0440\u0438\u0440\u043e\u0432\u0430\u043d\u0438\u0435;<\/li>\n<li>\u043f\u0435\u0440\u0435\u0432\u043e\u0434\u0447\u0438\u043a\u0438 \u0438 \u0430\u0441\u0441\u0438\u0441\u0442\u0435\u043d\u0442\u044b.<\/li>\n<\/ul>\n<p>\u041a\u043e\u043c\u043f\u0430\u043d\u0438\u044f EleganTour \u0440\u0430\u0434\u0430 \u043f\u0440\u0435\u0434\u043b\u043e\u0436\u0438\u0442\u044c \u0441\u0432\u043e\u0438 \u0443\u0441\u043b\u0443\u0433\u0438 \u043f\u043e \u043e\u0440\u0433\u0430\u043d\u0438\u0437\u0430\u0446\u0438\u0438 \u0441\u0432\u0430\u0434\u0435\u0431 \u043a\u0430\u043a \u0434\u043b\u044f \u0433\u0440\u0430\u0436\u0434\u0430\u043d \u0418\u0442\u0430\u043b\u0438\u0438, \u0442\u0430\u043a \u0438 \u0434\u043b\u044f \u0438\u043d\u043e\u0441\u0442\u0440\u0430\u043d\u043d\u044b\u0445 \u0433\u0440\u0430\u0436\u0434\u0430\u043d. \u042d\u0442\u043e\u0442 \u043e\u0441\u043e\u0431\u0435\u043d\u043d\u044b\u0439 \u0434\u0435\u043d\u044c \u0431\u0443\u0434\u0435\u0442 \u0431\u0435\u0437\u0443\u043f\u0440\u0435\u0447\u043d\u044b\u043c \u0432 \u043a\u0430\u0436\u0434\u043e\u0439 \u0434\u0435\u0442\u0430\u043b\u0438 \u0431\u043b\u0430\u0433\u043e\u0434\u0430\u0440\u044f \u043e\u043f\u044b\u0442\u0443 \u0438 \u043f\u0440\u0435\u0434\u0430\u043d\u043d\u043e\u0441\u0442\u0438 EleganTour. \u041a\u043e\u043c\u043f\u0430\u043d\u0438\u044f \u0441\u0442\u0440\u0435\u043c\u0438\u0442\u0441\u044f \u0438\u0441\u043a\u043b\u044e\u0447\u0438\u0442\u044c \u043a\u0430\u043a\u043e\u0439-\u043b\u0438\u0431\u043e \u0441\u0442\u0440\u0435\u0441\u0441 \u0434\u043b\u044f \u043c\u043e\u043b\u043e\u0434\u043e\u0436\u0435\u043d\u043e\u0432 \u0438 \u0441\u0434\u0435\u043b\u0430\u0442\u044c \u044d\u0442\u043e\u0442 \u0443\u043d\u0438\u043a\u0430\u043b\u044c\u043d\u044b\u0439 \u0434\u0435\u043d\u044c \u043d\u0435\u0437\u0430\u0431\u044b\u0432\u0430\u0435\u043c\u044b\u043c, \u0430 \u0442\u0430\u043a\u0436\u0435 \u043f\u0440\u0438\u0434\u0430\u0442\u044c \u0435\u043c\u0443 \u043d\u0435\u043f\u043e\u0432\u0442\u043e\u0440\u0438\u043c\u044b\u0439 \u0441\u0442\u0438\u043b\u044c.<\/p>\n\t\t\t\t\t\t\t\t<\/div>\n\t\t\t\t<\/div>\n\t\t\t\t\t<\/div>\n\t\t<\/div>\n\t\t\t\t\t<\/div>\n\t\t<\/section>\n\t\t\t\t<\/div>\n\t\t","protected":false},"excerpt":{"rendered":"<p>\u00c2\u00ab\u00d0\u00af \u00d0\u00b7\u00d0\u00bd\u00d0\u00b0\u00d1\u017d \u00d1\u0081\u00d0\u00bf\u00d0\u00be\u00d1\u0081\u00d0\u00be\u00d0\u00b1 \u00d0\u00b8\u00d0\u00b7\u00d0\u00bc\u00d0\u00b5\u00d0\u00bd\u00d0\u00b8\u00d1\u201a\u00d1\u0152 \u00d0\u00bc\u00d0\u00b8\u00d1\u20ac: \u00d0\u00bf\u00d0\u00be\u00d1\u0081\u00d0\u00bc\u00d0\u00be\u00d1\u201a\u00d1\u20ac\u00d0\u00b5\u00d1\u201a\u00d1\u0152 \u00d0\u00b5\u00d0\u00b3\u00d0\u00be \u00d0\u00b2\u00d0\u00bc\u00d0\u00b5\u00d1\u0081\u00d1\u201a\u00d0\u00b5 \u00d1\u0081 \u00d1\u201a\u00d0\u00be\u00d0\u00b1\u00d0\u00be\u00d0\u00b9.\u00c2\u00bb &#8212; (Cesare Cremonini) \u00d0\u201d\u00d0\u00bb\u00d1\u008f \u00d1\u201a\u00d0\u00b5\u00d1\u2026, \u00d0\u00ba\u00d1\u201a\u00d0\u00be \u00d0\u00bc\u00d0\u00b5\u00d1\u2021\u00d1\u201a\u00d0\u00b0\u00d0\u00b5\u00d1\u201a \u00d0\u00be \u00d1\u0081\u00d0\u00b2\u00d0\u00b0\u00d0\u00b4\u00d1\u0152\u00d0\u00b1\u00d0\u00b5, \u00d0\u00be\u00d1\u201a\u00d0\u00bb\u00d0\u00b8\u00d1\u2021\u00d0\u00b0\u00d1\u017d\u00d1\u2030\u00d0\u00b5\u00d0\u00b9\u00d1\u0081\u00d1\u008f \u00d1\u008d\u00d0\u00bb\u00d0\u00b5\u00d0\u00b3\u00d0\u00b0\u00d0\u00bd\u00d1\u201a\u00d0\u00bd\u00d0\u00be\u00d1\u0081\u00d1\u201a\u00d1\u0152\u00d1\u017d \u00d0\u00b8 \u00d1\u008d\u00d0\u00ba\u00d1\u0081\u00d0\u00ba\u00d0\u00bb\u00d1\u017d\u00d0\u00b7\u00d0\u00b8\u00d0\u00b2\u00d0\u00bd\u00d0\u00be\u00d1\u0081\u00d1\u201a\u00d1\u0152\u00d1\u017d, EleganTour \u00d0\u00b3\u00d0\u00be\u00d1\u201a\u00d0\u00be\u00d0\u00b2 \u00d0\u00b2\u00d0\u00be\u00d0\u00bf\u00d0\u00bb\u00d0\u00be\u00d1\u201a\u00d0\u00b8\u00d1\u201a\u00d1\u0152 \u00d0\u2019\u00d0\u00b0\u00d1\u02c6\u00d1\u0192 \u00d0\u00bc\u00d0\u00b5\u00d1\u2021\u00d1\u201a\u00d1\u0192 \u00d0\u00b2 \u00d1\u20ac\u00d0\u00b5\u00d0\u00b0\u00d0\u00bb\u00d1\u0152\u00d0\u00bd\u00d0\u00be\u00d1\u0081\u00d1\u201a\u00d1\u0152. \u00d0\u00a2\u00d1\u0192\u00d1\u20ac\u00d0\u00be\u00d0\u00bf\u00d0\u00b5\u00d1\u20ac\u00d0\u00b0\u00d1\u201a\u00d0\u00be\u00d1\u20ac EleganTour, \u00d0\u00bf\u00d0\u00be\u00d0\u00bb\u00d1\u0192\u00d1\u2021\u00d0\u00b8\u00d0\u00b2\u00d1\u02c6\u00d0\u00b8\u00d0\u00b9 \u00d0\u00be\u00d1\u201e\u00d0\u00b8\u00d1\u2020\u00d0\u00b8\u00d0\u00b0\u00d0\u00bb\u00d1\u0152\u00d0\u00bd\u00d1\u2039\u00d0\u00b9 \u00d1\u0081\u00d0\u00b5\u00d1\u20ac\u00d1\u201a\u00d0\u00b8\u00d1\u201e\u00d0\u00b8\u00d0\u00ba\u00d0\u00b0\u00d1\u201a \u00d1\u0192\u00d0\u00b3\u00d0\u00bb\u00d1\u0192\u00d0\u00b1\u00d0\u00bb\u00d0\u00b5\u00d0\u00bd\u00d0\u00bd\u00d0\u00be\u00d0\u00b3\u00d0\u00be \u00d0\u00b8\u00d0\u00b7\u00d1\u0192\u00d1\u2021\u00d0\u00b5\u00d0\u00bd\u00d0\u00b8\u00d1\u008f \u00d0\u00a1\u00d0\u00b2\u00d0\u00b0\u00d0\u00b4\u00d0\u00b5\u00d0\u00b1\u00d0\u00bd\u00d0\u00be\u00d0\u00b3\u00d0\u00be \u00d0\u0178\u00d0\u00bb\u00d0\u00b0\u00d0\u00bd\u00d0\u00b8\u00d1\u20ac\u00d0\u00be\u00d0\u00b2\u00d0\u00b0\u00d0\u00bd\u00d0\u00b8\u00d1\u008f Wedding Planner, \u00d1\u0081 \u00d1\u0192\u00d0\u00b4\u00d0\u00be\u00d0\u00b2\u00d0\u00be\u00d0\u00bb\u00d1\u0152\u00d1\u0081\u00d1\u201a\u00d0\u00b2\u00d0\u00b8\u00d0\u00b5\u00d0\u00bc \u00d0\u00be\u00d1\u201a\u00d0\u00b2\u00d0\u00b5\u00d1\u201a\u00d0\u00b8\u00d1\u201a \u00d0\u00bd\u00d0\u00b0 \u00d0\u00b2\u00d0\u00b0\u00d1\u02c6\u00d0\u00b8 \u00d0\u00b2\u00d0\u00be\u00d0\u00bf\u00d1\u20ac\u00d0\u00be\u00d1\u0081\u00d1\u2039 \u00d0\u00b8 \u00d0\u00bf\u00d0\u00be\u00d0\u00bc\u00d0\u00be\u00d0\u00b6\u00d0\u00b5\u00d1\u201a \u00d0\u00be\u00d1\u20ac\u00d0\u00b3\u00d0\u00b0\u00d0\u00bd\u00d0\u00b8\u00d0\u00b7\u00d0\u00be\u00d0\u00b2\u00d0\u00b0\u00d1\u201a\u00d1\u0152 \u00d0\u00bd\u00d0\u00b5\u00d0\u00bf\u00d0\u00be\u00d0\u00b2\u00d1\u201a\u00d0\u00be\u00d1\u20ac\u00d0\u00b8\u00d0\u00bc\u00d0\u00be\u00d0\u00b5 \u00d1\u201a\u00d0\u00be\u00d1\u20ac\u00d0\u00b6\u00d0\u00b5\u00d1\u0081\u00d1\u201a\u00d0\u00b2\u00d0\u00be \u00d0\u00b2 \u00d0\u00be\u00d0\u00b4\u00d0\u00bd\u00d0\u00be\u00d0\u00b9 \u00d0\u00b8\u00d0\u00b7 [&hellip;]<\/p>\n","protected":false},"author":1,"featured_media":0,"parent":15324,"menu_order":0,"comment_status":"closed","ping_status":"closed","template":"","meta":{"inline_featured_image":false,"footnotes":""},"class_list":["post-15242","page","type-page","status-publish","hentry"],"_links":{"self":[{"href":"https:\/\/www.elegantour.com\/ru\/wp-json\/wp\/v2\/pages\/15242","targetHints":{"allow":["GET"]}}],"collection":[{"href":"https:\/\/www.elegantour.com\/ru\/wp-json\/wp\/v2\/pages"}],"about":[{"href":"https:\/\/www.elegantour.com\/ru\/wp-json\/wp\/v2\/types\/page"}],"author":[{"embeddable":true,"href":"https:\/\/www.elegantour.com\/ru\/wp-json\/wp\/v2\/users\/1"}],"replies":[{"embeddable":true,"href":"https:\/\/www.elegantour.com\/ru\/wp-json\/wp\/v2\/comments?post=15242"}],"version-history":[{"count":5,"href":"https:\/\/www.elegantour.com\/ru\/wp-json\/wp\/v2\/pages\/15242\/revisions"}],"predecessor-version":[{"id":15784,"href":"https:\/\/www.elegantour.com\/ru\/wp-json\/wp\/v2\/pages\/15242\/revisions\/15784"}],"up":[{"embeddable":true,"href":"https:\/\/www.elegantour.com\/ru\/wp-json\/wp\/v2\/pages\/15324"}],"wp:attachment":[{"href":"https:\/\/www.elegantour.com\/ru\/wp-json\/wp\/v2\/media?parent=15242"}],"curies":[{"name":"wp","href":"https:\/\/api.w.org\/{rel}","templated":true}]}}