{"id":15267,"date":"2023-11-29T15:44:54","date_gmt":"2023-11-29T14:44:54","guid":{"rendered":"https:\/\/www.elegantour.com\/%d0%bd%d0%b0%d1%88%d0%b8-%d0%ba%d1%83%d0%bb%d0%b8%d0%bd%d0%b0%d1%80%d0%bd%d1%8b%d0%b5-%d0%bc%d0%b0%d1%81%d1%82%d0%b5%d1%80-%d0%ba%d0%bb%d0%b0%d1%81%d1%81%d1%8b\/"},"modified":"2024-07-04T17:21:47","modified_gmt":"2024-07-04T15:21:47","slug":"%d0%bd%d0%b0%d1%88%d0%b8-%d0%ba%d1%83%d0%bb%d0%b8%d0%bd%d0%b0%d1%80%d0%bd%d1%8b%d0%b5-%d0%bc%d0%b0%d1%81%d1%82%d0%b5%d1%80-%d0%ba%d0%bb%d0%b0%d1%81%d1%81%d1%8b","status":"publish","type":"page","link":"https:\/\/www.elegantour.com\/ru\/%d1%83%d1%81%d0%bb%d1%83%d0%b3%d0%b8\/%d0%bd%d0%b0%d1%88%d0%b8-%d0%ba%d1%83%d0%bb%d0%b8%d0%bd%d0%b0%d1%80%d0%bd%d1%8b%d0%b5-%d0%bc%d0%b0%d1%81%d1%82%d0%b5%d1%80-%d0%ba%d0%bb%d0%b0%d1%81%d1%81%d1%8b\/","title":{"rendered":"\u00d0\u009d\u00d0\u00b0\u00d1\u02c6\u00d0\u00b8-\u00d0\u00ba\u00d1\u0192\u00d0\u00bb\u00d0\u00b8\u00d0\u00bd\u00d0\u00b0\u00d1\u20ac\u00d0\u00bd\u00d1\u2039\u00d0\u00b5-\u00d0\u00bc\u00d0\u00b0\u00d1\u0081\u00d1\u201a\u00d0\u00b5\u00d1\u20ac-\u00d0\u00ba\u00d0\u00bb\u00d0\u00b0\u00d1\u0081\u00d1\u0081\u00d1\u2039"},"content":{"rendered":"\t\t<div data-elementor-type=\"wp-page\" data-elementor-id=\"15267\" class=\"elementor elementor-15267 elementor-13597\">\n\t\t\t\t\t\t<div class=\"elementor-section elementor-top-section elementor-element elementor-element-d0dad32 elementor-section-height-min-height elementor-section-stretched elementor-section-boxed elementor-section-height-default elementor-section-items-middle\" data-id=\"d0dad32\" data-element_type=\"section\" data-settings=\"{&quot;stretch_section&quot;:&quot;section-stretched&quot;,&quot;background_background&quot;:&quot;classic&quot;}\">\n\t\t\t\t\t\t\t<div class=\"elementor-background-overlay\"><\/div>\n\t\t\t\t\t\t\t<div class=\"elementor-container elementor-column-gap-no\">\n\t\t\t\t\t<div class=\"elementor-column elementor-col-100 elementor-top-column elementor-element elementor-element-98c07c5\" data-id=\"98c07c5\" data-element_type=\"column\">\n\t\t\t<div class=\"elementor-widget-wrap\">\n\t\t\t\t\t\t\t<\/div>\n\t\t<\/div>\n\t\t\t\t\t<\/div>\n\t\t<\/div>\n\t\t\t\t<section class=\"elementor-section elementor-top-section elementor-element elementor-element-7211e44 elementor-section-boxed elementor-section-height-default elementor-section-height-default\" data-id=\"7211e44\" data-element_type=\"section\">\n\t\t\t\t\t\t<div class=\"elementor-container elementor-column-gap-default\">\n\t\t\t\t\t<div class=\"elementor-column elementor-col-100 elementor-top-column elementor-element elementor-element-31d61b0\" data-id=\"31d61b0\" data-element_type=\"column\">\n\t\t\t<div class=\"elementor-widget-wrap elementor-element-populated\">\n\t\t\t\t\t\t<div class=\"elementor-element elementor-element-4976b61 elementor-widget elementor-widget-text-editor\" data-id=\"4976b61\" data-element_type=\"widget\" data-widget_type=\"text-editor.default\">\n\t\t\t\t<div class=\"elementor-widget-container\">\n\t\t\t\t\t\t\t\t\t<p><em><b>\u00ab\u0421\u0442\u043e\u043b &#8212; \u044d\u0442\u043e \u043c\u0435\u0441\u0442\u043e \u0432\u0441\u0442\u0440\u0435\u0447\u0438, \u043c\u0435\u0441\u0442\u043e \u043e\u0431\u0449\u0435\u043d\u0438\u044f, \u0438\u0441\u0442\u043e\u0447\u043d\u0438\u043a \u044d\u043d\u0435\u0440\u0433\u0438\u0438 \u0438 \u043f\u0438\u0442\u0430\u043d\u0438\u044f, \u044d\u0442\u043e \u043f\u0440\u0430\u0437\u0434\u043d\u0438\u043a, \u0441\u043f\u043e\u043a\u043e\u0439\u0441\u0442\u0432\u0438\u0435 \u0438 \u0443\u0434\u043e\u0432\u043b\u0435\u0442\u0432\u043e\u0440\u0435\u043d\u0438\u0435\u00bb.<\/b><\/em> <em><b>&#8212;<\/b> Laurie Colwin<\/em><\/p>\n\t\t\t\t\t\t\t\t<\/div>\n\t\t\t\t<\/div>\n\t\t\t\t\t<\/div>\n\t\t<\/div>\n\t\t\t\t\t<\/div>\n\t\t<\/section>\n\t\t\t\t<section class=\"elementor-section elementor-top-section elementor-element elementor-element-8b0110d elementor-section-boxed elementor-section-height-default elementor-section-height-default\" data-id=\"8b0110d\" data-element_type=\"section\">\n\t\t\t\t\t\t<div class=\"elementor-container elementor-column-gap-default\">\n\t\t\t\t\t<div class=\"elementor-column elementor-col-100 elementor-top-column elementor-element elementor-element-e7d4dd8\" data-id=\"e7d4dd8\" data-element_type=\"column\">\n\t\t\t<div class=\"elementor-widget-wrap elementor-element-populated\">\n\t\t\t\t\t\t<div class=\"elementor-element elementor-element-aba5698 elementor-widget elementor-widget-text-editor\" data-id=\"aba5698\" data-element_type=\"widget\" data-widget_type=\"text-editor.default\">\n\t\t\t\t<div class=\"elementor-widget-container\">\n\t\t\t\t\t\t\t\t\t<p>\u0414\u043e\u0440\u043e\u0433\u0438\u0435 \u043b\u044e\u0431\u0438\u0442\u0435\u043b\u0438 \u0438 \u0446\u0435\u043d\u0438\u0442\u0435\u043b\u0438 \u0432\u044b\u0441\u043e\u043a\u043e\u0439 \u043a\u0443\u0445\u043d\u0438!<br>\u0413\u0434\u0435 \u0435\u0449\u0435 \u043c\u043e\u0436\u043d\u043e \u043f\u043e\u0434\u0434\u0430\u0442\u044c\u0441\u044f \u043a\u0443\u043b\u0438\u043d\u0430\u0440\u043d\u043e\u043c\u0443 \u0438\u0441\u043a\u0443\u0448\u0435\u043d\u0438\u044e, \u043a\u0430\u043a \u043d\u0435 \u0432 \u0418\u0442\u0430\u043b\u0438\u0438?<\/p>\n<p>\u0412\u043c\u0435\u0441\u0442\u0435 \u0441 \u043d\u0430\u043c\u0438 \u0432\u044b \u0441\u0442\u0430\u043d\u0435\u0442\u0435 \u0443\u0447\u0430\u0441\u0442\u043d\u0438\u043a\u0430\u043c\u0438 \u0441\u043a\u0430\u0437\u043e\u0447\u043d\u043e\u0433\u043e \u043a\u0443\u043b\u0438\u043d\u0430\u0440\u043d\u043e\u0433\u043e \u043e\u043f\u044b\u0442\u0430, \u043a\u043e\u0442\u043e\u0440\u044b\u0439 \u0432\u044b \u043f\u0435\u0440\u0435\u043d\u0435\u0441\u0435\u0442\u0435 \u043d\u0430 \u0441\u0442\u043e\u043b \u0432 \u0441\u0432\u043e\u0435\u043c \u0441\u043e\u0431\u0441\u0442\u0432\u0435\u043d\u043d\u043e\u043c \u0434\u043e\u043c\u0435! \u041f\u0440\u0438\u0433\u043e\u0442\u043e\u0432\u044c\u0442\u0435 \u0441\u0432\u043e\u0438 \u0444\u0430\u0440\u0442\u0443\u043a\u0438 \u0438 \u043e\u0442\u043f\u0440\u0430\u0432\u043b\u044f\u0439\u0442\u0435\u0441\u044c \u0441 \u043d\u0430\u043c\u0438, \u0447\u0442\u043e\u0431\u044b \u043f\u043e\u043f\u0440\u043e\u0431\u043e\u0432\u0430\u0442\u044c \u0441\u0432\u043e\u0438 \u043a\u0443\u043b\u0438\u043d\u0430\u0440\u043d\u044b\u0435 \u0442\u0430\u043b\u0430\u043d\u0442\u044b \u0432 \u043e\u043a\u0440\u0443\u0436\u0435\u043d\u0438\u0438 \u0442\u0440\u0430\u0434\u0438\u0446\u0438\u0439 \u0438 \u0444\u043e\u043b\u044c\u043a\u043b\u043e\u0440\u0430.&nbsp;<span style=\"color: var( --e-global-color-text );\">EleganTour \u0432\u0441\u0435\u0433\u0434\u0430 \u0440\u0430\u0434 \u043e\u0440\u0433\u0430\u043d\u0438\u0437\u043e\u0432\u0430\u0442\u044c \u0434\u043b\u044f \u0432\u0430\u0441 \u043f\u0443\u0442\u0435\u0448\u0435\u0441\u0442\u0432\u0438\u0435 \u0432 \u043a\u0443\u043b\u044c\u0442\u0443\u0440\u0443 \u0435\u0434\u044b \u0438 \u0432\u0438\u043d\u0430 \u0434\u0432\u0443\u0445 \u0441\u043a\u0430\u0437\u043e\u0447\u043d\u044b\u0445 \u0440\u0435\u0433\u0438\u043e\u043d\u043e\u0432&nbsp; \u0418\u0442\u0430\u043b\u0438\u0438: \u0421\u0438\u0446\u0438\u043b\u0438\u0438 \u0438 \u0412\u0430\u043b\u043b\u0435 \u0434&#8217;\u0410\u043e\u0441\u0442\u044b. \u0427\u0442\u043e\u0431\u044b \u043f\u043e\u043b\u0443\u0447\u0438\u0442\u044c \u043f\u0440\u0435\u0434\u0441\u0442\u0430\u0432\u043b\u0435\u043d\u0438\u0435 \u043e\u0431 \u043e\u0441\u043e\u0431\u0435\u043d\u043d\u043e\u0441\u0442\u044f\u0445 \u043a\u0443\u0445\u043d\u0438 \u0412\u0430\u043b\u043b\u0435 \u0434&#8217;\u0410\u043e\u0441\u0442\u044b \u0438 \u0421\u0438\u0446\u0438\u043b\u0438\u0438, \u043c\u044b \u043f\u0440\u0438\u0433\u043b\u0430\u0448\u0430\u0435\u043c \u0432\u0430\u0441 \u043f\u043e\u0441\u0435\u0442\u0438\u0442\u044c \u043d\u0430\u0448\u0443 \u0441\u0442\u0440\u0430\u043d\u0438\u0446\u0443 <\/span><a href=\"https:\/\/www.elegantour.com\/servizi\/degustazioni\/\">\u0434\u0435\u0433\u0443\u0441\u0442\u0430\u0446\u0438\u0439<\/a><span style=\"color: var( --e-global-color-text );\">. &nbsp;<br><\/span><span style=\"color: var( --e-global-color-text );\">\u041c\u044b \u0440\u0430\u0437\u0440\u0430\u0431\u043e\u0442\u0430\u0435\u043c \u0434\u043b\u044f \u0432\u0430\u0441 \u043a\u0443\u043b\u0438\u043d\u0430\u0440\u043d\u044b\u0435 \u043c\u0430\u0441\u0442\u0435\u0440-\u043a\u043b\u0430\u0441\u0441\u044b \u0440\u0430\u0437\u043b\u0438\u0447\u043d\u044b\u0445 \u043a\u0430\u0442\u0435\u0433\u043e\u0440\u0438\u0439 &nbsp;\u0438 \u043f\u0440\u043e\u0434\u043e\u043b\u0436\u0438\u0442\u0435\u043b\u044c\u043d\u043e\u0441\u0442\u0438 (\u043e\u0442 \u043d\u0435\u0441\u043a\u043e\u043b\u044c\u043a\u0438\u0445 \u0447\u0430\u0441\u043e\u0432 \u0434\u043e \u043d\u0435\u0434\u0435\u043b\u044c\u043d\u043e\u0433\u043e \u043f\u0430\u043a\u0435\u0442\u0430 \u00ab \u0410\u0406\u0406 inclusive\u00bb). \u041f\u043e\u043c\u0438\u043c\u043e \u043a\u0443\u043b\u0438\u043d\u0430\u0440\u043d\u044b\u0445 \u043c\u0430\u0441\u0442\u0435\u0440-\u043a\u043b\u0430\u0441\u0441\u043e\u0432, \u043c\u044b \u0442\u0430\u043a\u0436\u0435 \u043f\u0440\u0435\u0434\u043b\u0430\u0433\u0430\u0435\u043c \u043a\u0443\u0440\u0441\u044b \u0441\u043e\u043c\u0435\u043b\u044c\u0435 \u0438 \u043a\u043e\u043d\u0434\u0438\u0442\u0435\u0440\u043e\u0432.&nbsp;<\/span><\/p>\n<p><span style=\"color: var( --e-global-color-text );\">\u041a\u0430\u0436\u0434\u0430\u044f \u0438\u0437 \u043d\u0430\u0448\u0438\u0445 \u043f\u0440\u043e\u0433\u0440\u0430\u043c\u043c \u043d\u0430\u0447\u0438\u043d\u0430\u0435\u0442\u0441\u044f \u0432 \u043e\u043a\u0440\u0443\u0436\u0435\u043d\u0438\u0438 \u043c\u0435\u0441\u0442\u043d\u044b\u0445 \u0442\u0440\u0430\u0434\u0438\u0446\u0438\u0439, \u0432 \u0448\u0443\u043c\u043d\u043e\u0439 \u0438\u043b\u0438 \u0441\u043f\u043e\u043a\u043e\u0439\u043d\u043e\u0439 \u0430\u0442\u043c\u043e\u0441\u0444\u0435\u0440\u0435, \u043d\u043e, \u043f\u0440\u0435\u0436\u0434\u0435 \u0432\u0441\u0435\u0433\u043e, \u043d\u0430\u043f\u043e\u043b\u043d\u0435\u043d\u043d\u043e\u0439 \u0430\u0440\u043e\u043c\u0430\u0442\u0430\u043c\u0438. \u0413\u043e\u0432\u043e\u0440\u044f\u0442&nbsp;, <em> \u0447\u0442\u043e:<\/em><\/span><em>\u00ab\u041f\u043e\u0432\u0430\u0440 \u0444\u043e\u0440\u043c\u0438\u0440\u0443\u0435\u0442\u0441\u044f \u0438\u0437 \u043c\u0430\u043b\u0435\u043d\u044c\u043a\u0438\u0445 \u043c\u043e\u043c\u0435\u043d\u0442\u043e\u0432, \u0442\u0430\u043a\u0438\u0445 \u043a\u0430\u043a \u043f\u043e\u0445\u043e\u0434 \u0432 \u043e\u0433\u043e\u0440\u043e\u0434\u00bb (\u0427\u0438\u0447\u0447\u043e \u0421\u0443\u043b\u0442\u0430\u043d\u043e)&nbsp;<\/em>, \u0438 \u0438\u043c\u0435\u043d\u043d\u043e \u0441 \u043e\u0433\u043e\u0440\u043e\u0434\u0430 \u0438\u043b\u0438 \u043c\u0435\u0441\u0442\u043d\u043e\u0433\u043e \u0440\u044b\u043d\u043a\u0430 \u043d\u0430\u0447\u0438\u043d\u0430\u0435\u0442\u0441\u044f \u0432\u0441\u0435 \u0441\u0430\u043c\u043e\u0435 \u0438\u043d\u0442\u0435\u0440\u0435\u0441\u043d\u043e\u0435. \u0412\u0435\u0434\u044c \u0432\u044b\u0431\u043e\u0440 \u043f\u0440\u043e\u0434\u0443\u043a\u0442\u043e\u0432 &#8212; \u044d\u0442\u043e \u043f\u0435\u0440\u0432\u044b\u0439 \u0448\u0430\u0433 \u0432 \u0441\u043e\u0437\u0434\u0430\u043d\u0438\u0438 \u0434\u0435\u043b\u0438\u043a\u0430\u0442\u0435\u0441\u0430. \u0414\u0430\u043b\u044c\u0448\u0435 \u043f\u0443\u0442\u0438 \u0440\u0430\u0441\u0445\u043e\u0434\u044f\u0442\u0441\u044f, \u043d\u043e \u043c\u044b \u0443\u0432\u0435\u0440\u0435\u043d\u044b, \u0447\u0442\u043e \u043a\u0430\u043a\u043e\u0439 \u0431\u044b \u043f\u0443\u0442\u044c \u0432\u044b \u043d\u0438 \u0432\u044b\u0431\u0440\u0430\u043b\u0438, \u0443\u0434\u043e\u0432\u043b\u0435\u0442\u0432\u043e\u0440\u0435\u043d\u0438\u0435, \u043a\u043e\u0442\u043e\u0440\u043e\u0435 \u0432\u044b \u043f\u043e\u043b\u0443\u0447\u0438\u0442\u0435, \u0433\u0430\u0440\u0430\u043d\u0442\u0438\u0440\u043e\u0432\u0430\u043d\u043e. \u041d\u043e \u0441\u0430\u043c\u043e\u0435 \u0433\u043b\u0430\u0432\u043d\u043e\u0435, \u043a\u0430\u0436\u0434\u044b\u0439 \u0438\u0437 \u0432\u0430\u0441 \u0432\u0435\u0440\u043d\u0435\u0442\u0441\u044f \u0434\u043e\u043c\u043e\u0439 \u0441 \u0446\u0435\u043d\u043d\u044b\u043c\u0438 \u0440\u0435\u0446\u0435\u043f\u0442\u0430\u043c\u0438, \u043a\u043e\u0442\u043e\u0440\u044b\u0435 \u043f\u043e\u0440\u0430\u0437\u044f\u0442 \u0432\u0430\u0448\u0438\u0445 \u0433\u043e\u0441\u0442\u0435\u0439!!!<\/p>\n<p>\u0412\u043e \u0432\u0440\u0435\u043c\u044f \u043a\u0443\u043b\u0438\u043d\u0430\u0440\u043d\u043e\u0433\u043e \u043e\u043f\u044b\u0442\u0430, \u0448\u0435\u0444-\u043f\u043e\u0432\u0430\u0440 \u043f\u0435\u0440\u0435\u0434\u0430\u0441\u0442 \u0412\u0430\u043c \u0432\u0441\u044e \u0441\u0432\u043e\u044e \u0441\u0442\u0440\u0430\u0441\u0442\u044c, \u0430 \u0442\u0430\u043a\u0436\u0435 \u0441\u0432\u043e\u044e \u043a\u0443\u043b\u044c\u0442\u0443\u0440\u0443, \u0432\u0435\u0434\u044c \u0437\u0430 \u043a\u0430\u0436\u0434\u044b\u043c \u0431\u043b\u044e\u0434\u043e\u043c \u0441\u043a\u0440\u044b\u0432\u0430\u0435\u0442\u0441\u044f \u0438\u0441\u0442\u043e\u0440\u0438\u044f, \u043a\u0430\u043a \u0441\u043a\u0430\u0437\u0430\u043b&nbsp;<em>Daniel Pennac: \u00ab\u041d\u0430 \u043a\u0443\u0445\u043d\u0435 \u0432\u0441\u0435 \u043f\u0440\u043e\u0438\u0441\u0445\u043e\u0434\u0438\u0442, \u043a\u0430\u043a \u0432 \u0441\u0430\u043c\u044b\u0445 \u043f\u0440\u0435\u043a\u0440\u0430\u0441\u043d\u044b\u0445 \u043f\u0440\u043e\u0438\u0437\u0432\u0435\u0434\u0435\u043d\u0438\u044f\u0445 \u0438\u0441\u043a\u0443\u0441\u0441\u0442\u0432\u0430: \u0432\u044b \u043d\u0438\u0447\u0435\u0433\u043e \u043d\u0435 \u0437\u043d\u0430\u0435\u0442\u0435 \u043e \u0431\u043b\u044e\u0434\u0435 \u0434\u043e \u0442\u0435\u0445 \u043f\u043e\u0440, \u043f\u043e\u043a\u0430 \u043d\u0435 \u043e\u0441\u043e\u0437\u043d\u0430\u0435\u0442\u0435 \u0441\u043a\u0440\u044b\u0432\u0430\u044e\u0449\u0435\u0439\u0441\u044f \u0437\u0430 \u043d\u0438\u043c \u0437\u0430\u043c\u044b\u0441\u0435\u043b\u00bb.<em><\/em><\/em><\/p><p><strong style=\"color: var( --e-global-color-text );\">\u0427\u0442\u043e\u0431\u044b \u0440\u0430\u0441\u0448\u0438\u0440\u0438\u0442\u044c \u0432\u0430\u0448\u0438 \u0433\u0430\u0441\u0442\u0440\u043e\u043d\u043e\u043c\u0438\u0447\u0435\u0441\u043a\u0438\u0435 \u043f\u043e\u0437\u043d\u0430\u043d\u0438\u044f, \u043a\u0443\u043b\u0438\u043d\u0430\u0440\u043d\u044b\u0439 \u043c\u0430\u0441\u0442\u0435\u0440-\u043a\u043b\u0430\u0441\u0441 \u043c\u043e\u0436\u043d\u043e \u0441\u043e\u0432\u043c\u0435\u0441\u0442\u0438\u0442\u044c \u0441 \u0434\u0435\u0433\u0443\u0441\u0442\u0430\u0446\u0438\u0435\u0439 \u043f\u0440\u043e\u0434\u0443\u043a\u0442\u043e\u0432, \u044d\u043a\u0441\u043a\u0443\u0440\u0441\u0438\u0435\u0439 \u043f\u043e \u0444\u0435\u0440\u043c\u0430\u043c, \u0430\u0433\u0440\u043e-\u043f\u0440\u0435\u0434\u043f\u0440\u0438\u044f\u0442\u0438\u044f\u043c \u0438 \u0432\u0438\u043d\u043e\u0434\u0435\u043b\u044c\u043d\u044f\u043c&#8230; Elegantour \u0433\u043e\u0442\u043e\u0432 \u0443\u0434\u043e\u0432\u043b\u0435\u0442\u0432\u043e\u0440\u0438\u0442\u044c \u043b\u044e\u0431\u044b\u0435 \u0432\u0430\u0448\u0438 \u043f\u043e\u0436\u0435\u043b\u0430\u043d\u0438\u044f, \u0447\u0442\u043e\u0431\u044b \u0441\u043e\u0437\u0434\u0430\u0442\u044c \u0430\u0442\u043c\u043e\u0441\u0444\u0435\u0440\u0443, \u043a\u043e\u0442\u043e\u0440\u0430\u044f \u043f\u043e\u0434\u043e\u0439\u0434\u0435\u0442 \u0438\u043c\u0435\u043d\u043d\u043e \u0434\u043b\u044f \u0412\u0430\u0441!<\/strong><\/p>\t\t\t\t\t\t\t\t<\/div>\n\t\t\t\t<\/div>\n\t\t\t\t\t<\/div>\n\t\t<\/div>\n\t\t\t\t\t<\/div>\n\t\t<\/section>\n\t\t\t\t<section class=\"elementor-section elementor-top-section elementor-element elementor-element-f348a46 elementor-section-boxed elementor-section-height-default elementor-section-height-default\" data-id=\"f348a46\" data-element_type=\"section\">\n\t\t\t\t\t\t<div class=\"elementor-container elementor-column-gap-default\">\n\t\t\t\t\t<div class=\"elementor-column elementor-col-100 elementor-top-column elementor-element elementor-element-bcb6b77\" data-id=\"bcb6b77\" data-element_type=\"column\">\n\t\t\t<div class=\"elementor-widget-wrap elementor-element-populated\">\n\t\t\t\t\t\t<section class=\"elementor-section elementor-inner-section elementor-element elementor-element-7a6f4b8 elementor-section-boxed elementor-section-height-default elementor-section-height-default\" data-id=\"7a6f4b8\" data-element_type=\"section\">\n\t\t\t\t\t\t<div class=\"elementor-container elementor-column-gap-default\">\n\t\t\t\t\t<div class=\"elementor-column elementor-col-33 elementor-inner-column elementor-element elementor-element-1fa4cde\" data-id=\"1fa4cde\" data-element_type=\"column\">\n\t\t\t<div class=\"elementor-widget-wrap elementor-element-populated\">\n\t\t\t\t\t\t<div class=\"elementor-element elementor-element-4364564 elementor-widget__width-initial elementor-widget elementor-widget-image\" data-id=\"4364564\" data-element_type=\"widget\" data-widget_type=\"image.default\">\n\t\t\t\t<div class=\"elementor-widget-container\">\n\t\t\t\t\t\t\t\t\t\t\t\t\t\t\t<img fetchpriority=\"high\" decoding=\"async\" width=\"403\" height=\"263\" src=\"https:\/\/www.elegantour.com\/wp-content\/uploads\/2023\/11\/pasta-403.gif\" class=\"attachment-large size-large wp-image-15134\" alt=\"\" \/>\t\t\t\t\t\t\t\t\t\t\t\t\t\t\t<\/div>\n\t\t\t\t<\/div>\n\t\t\t\t\t<\/div>\n\t\t<\/div>\n\t\t\t\t<div class=\"elementor-column elementor-col-33 elementor-inner-column elementor-element elementor-element-dcb4690\" data-id=\"dcb4690\" data-element_type=\"column\">\n\t\t\t<div class=\"elementor-widget-wrap elementor-element-populated\">\n\t\t\t\t\t\t<div class=\"elementor-element elementor-element-1d88e70 elementor-widget__width-initial elementor-widget elementor-widget-image\" data-id=\"1d88e70\" data-element_type=\"widget\" data-widget_type=\"image.default\">\n\t\t\t\t<div class=\"elementor-widget-container\">\n\t\t\t\t\t\t\t\t\t\t\t\t\t\t\t<img decoding=\"async\" width=\"403\" height=\"263\" src=\"https:\/\/www.elegantour.com\/wp-content\/uploads\/2023\/11\/cannoli-403.gif\" class=\"attachment-large size-large wp-image-15138\" alt=\"\" \/>\t\t\t\t\t\t\t\t\t\t\t\t\t\t\t<\/div>\n\t\t\t\t<\/div>\n\t\t\t\t\t<\/div>\n\t\t<\/div>\n\t\t\t\t<div class=\"elementor-column elementor-col-33 elementor-inner-column elementor-element elementor-element-f369de6\" data-id=\"f369de6\" data-element_type=\"column\">\n\t\t\t<div class=\"elementor-widget-wrap elementor-element-populated\">\n\t\t\t\t\t\t<div class=\"elementor-element elementor-element-25a7d99 elementor-widget__width-initial elementor-widget elementor-widget-image\" data-id=\"25a7d99\" data-element_type=\"widget\" data-widget_type=\"image.default\">\n\t\t\t\t<div class=\"elementor-widget-container\">\n\t\t\t\t\t\t\t\t\t\t\t\t\t\t\t<img decoding=\"async\" width=\"403\" height=\"263\" src=\"https:\/\/www.elegantour.com\/wp-content\/uploads\/2023\/11\/sommelier-403.gif\" class=\"attachment-large size-large wp-image-15140\" alt=\"\" \/>\t\t\t\t\t\t\t\t\t\t\t\t\t\t\t<\/div>\n\t\t\t\t<\/div>\n\t\t\t\t\t<\/div>\n\t\t<\/div>\n\t\t\t\t\t<\/div>\n\t\t<\/section>\n\t\t\t\t\t<\/div>\n\t\t<\/div>\n\t\t\t\t\t<\/div>\n\t\t<\/section>\n\t\t\t\t<\/div>\n\t\t","protected":false},"excerpt":{"rendered":"<p>\u00c2\u00ab\u00d0\u00a1\u00d1\u201a\u00d0\u00be\u00d0\u00bb &#8212; \u00d1\u008d\u00d1\u201a\u00d0\u00be \u00d0\u00bc\u00d0\u00b5\u00d1\u0081\u00d1\u201a\u00d0\u00be \u00d0\u00b2\u00d1\u0081\u00d1\u201a\u00d1\u20ac\u00d0\u00b5\u00d1\u2021\u00d0\u00b8, \u00d0\u00bc\u00d0\u00b5\u00d1\u0081\u00d1\u201a\u00d0\u00be \u00d0\u00be\u00d0\u00b1\u00d1\u2030\u00d0\u00b5\u00d0\u00bd\u00d0\u00b8\u00d1\u008f, \u00d0\u00b8\u00d1\u0081\u00d1\u201a\u00d0\u00be\u00d1\u2021\u00d0\u00bd\u00d0\u00b8\u00d0\u00ba \u00d1\u008d\u00d0\u00bd\u00d0\u00b5\u00d1\u20ac\u00d0\u00b3\u00d0\u00b8\u00d0\u00b8 \u00d0\u00b8 \u00d0\u00bf\u00d0\u00b8\u00d1\u201a\u00d0\u00b0\u00d0\u00bd\u00d0\u00b8\u00d1\u008f, \u00d1\u008d\u00d1\u201a\u00d0\u00be \u00d0\u00bf\u00d1\u20ac\u00d0\u00b0\u00d0\u00b7\u00d0\u00b4\u00d0\u00bd\u00d0\u00b8\u00d0\u00ba, \u00d1\u0081\u00d0\u00bf\u00d0\u00be\u00d0\u00ba\u00d0\u00be\u00d0\u00b9\u00d1\u0081\u00d1\u201a\u00d0\u00b2\u00d0\u00b8\u00d0\u00b5 \u00d0\u00b8 \u00d1\u0192\u00d0\u00b4\u00d0\u00be\u00d0\u00b2\u00d0\u00bb\u00d0\u00b5\u00d1\u201a\u00d0\u00b2\u00d0\u00be\u00d1\u20ac\u00d0\u00b5\u00d0\u00bd\u00d0\u00b8\u00d0\u00b5\u00c2\u00bb. &#8212; Laurie Colwin \u00d0\u201d\u00d0\u00be\u00d1\u20ac\u00d0\u00be\u00d0\u00b3\u00d0\u00b8\u00d0\u00b5 \u00d0\u00bb\u00d1\u017d\u00d0\u00b1\u00d0\u00b8\u00d1\u201a\u00d0\u00b5\u00d0\u00bb\u00d0\u00b8 \u00d0\u00b8 \u00d1\u2020\u00d0\u00b5\u00d0\u00bd\u00d0\u00b8\u00d1\u201a\u00d0\u00b5\u00d0\u00bb\u00d0\u00b8 \u00d0\u00b2\u00d1\u2039\u00d1\u0081\u00d0\u00be\u00d0\u00ba\u00d0\u00be\u00d0\u00b9 \u00d0\u00ba\u00d1\u0192\u00d1\u2026\u00d0\u00bd\u00d0\u00b8!\u00d0\u201c\u00d0\u00b4\u00d0\u00b5 \u00d0\u00b5\u00d1\u2030\u00d0\u00b5 \u00d0\u00bc\u00d0\u00be\u00d0\u00b6\u00d0\u00bd\u00d0\u00be \u00d0\u00bf\u00d0\u00be\u00d0\u00b4\u00d0\u00b4\u00d0\u00b0\u00d1\u201a\u00d1\u0152\u00d1\u0081\u00d1\u008f \u00d0\u00ba\u00d1\u0192\u00d0\u00bb\u00d0\u00b8\u00d0\u00bd\u00d0\u00b0\u00d1\u20ac\u00d0\u00bd\u00d0\u00be\u00d0\u00bc\u00d1\u0192 \u00d0\u00b8\u00d1\u0081\u00d0\u00ba\u00d1\u0192\u00d1\u02c6\u00d0\u00b5\u00d0\u00bd\u00d0\u00b8\u00d1\u017d, \u00d0\u00ba\u00d0\u00b0\u00d0\u00ba \u00d0\u00bd\u00d0\u00b5 \u00d0\u00b2 \u00d0\u02dc\u00d1\u201a\u00d0\u00b0\u00d0\u00bb\u00d0\u00b8\u00d0\u00b8? \u00d0\u2019\u00d0\u00bc\u00d0\u00b5\u00d1\u0081\u00d1\u201a\u00d0\u00b5 \u00d1\u0081 \u00d0\u00bd\u00d0\u00b0\u00d0\u00bc\u00d0\u00b8 \u00d0\u00b2\u00d1\u2039 \u00d1\u0081\u00d1\u201a\u00d0\u00b0\u00d0\u00bd\u00d0\u00b5\u00d1\u201a\u00d0\u00b5 \u00d1\u0192\u00d1\u2021\u00d0\u00b0\u00d1\u0081\u00d1\u201a\u00d0\u00bd\u00d0\u00b8\u00d0\u00ba\u00d0\u00b0\u00d0\u00bc\u00d0\u00b8 \u00d1\u0081\u00d0\u00ba\u00d0\u00b0\u00d0\u00b7\u00d0\u00be\u00d1\u2021\u00d0\u00bd\u00d0\u00be\u00d0\u00b3\u00d0\u00be \u00d0\u00ba\u00d1\u0192\u00d0\u00bb\u00d0\u00b8\u00d0\u00bd\u00d0\u00b0\u00d1\u20ac\u00d0\u00bd\u00d0\u00be\u00d0\u00b3\u00d0\u00be \u00d0\u00be\u00d0\u00bf\u00d1\u2039\u00d1\u201a\u00d0\u00b0, \u00d0\u00ba\u00d0\u00be\u00d1\u201a\u00d0\u00be\u00d1\u20ac\u00d1\u2039\u00d0\u00b9 \u00d0\u00b2\u00d1\u2039 \u00d0\u00bf\u00d0\u00b5\u00d1\u20ac\u00d0\u00b5\u00d0\u00bd\u00d0\u00b5\u00d1\u0081\u00d0\u00b5\u00d1\u201a\u00d0\u00b5 \u00d0\u00bd\u00d0\u00b0 \u00d1\u0081\u00d1\u201a\u00d0\u00be\u00d0\u00bb \u00d0\u00b2 \u00d1\u0081\u00d0\u00b2\u00d0\u00be\u00d0\u00b5\u00d0\u00bc \u00d1\u0081\u00d0\u00be\u00d0\u00b1\u00d1\u0081\u00d1\u201a\u00d0\u00b2\u00d0\u00b5\u00d0\u00bd\u00d0\u00bd\u00d0\u00be\u00d0\u00bc \u00d0\u00b4\u00d0\u00be\u00d0\u00bc\u00d0\u00b5! \u00d0\u0178\u00d1\u20ac\u00d0\u00b8\u00d0\u00b3\u00d0\u00be\u00d1\u201a\u00d0\u00be\u00d0\u00b2\u00d1\u0152\u00d1\u201a\u00d0\u00b5 \u00d1\u0081\u00d0\u00b2\u00d0\u00be\u00d0\u00b8 \u00d1\u201e\u00d0\u00b0\u00d1\u20ac\u00d1\u201a\u00d1\u0192\u00d0\u00ba\u00d0\u00b8 [&hellip;]<\/p>\n","protected":false},"author":1,"featured_media":0,"parent":15324,"menu_order":0,"comment_status":"closed","ping_status":"closed","template":"","meta":{"inline_featured_image":false,"footnotes":""},"class_list":["post-15267","page","type-page","status-publish","hentry"],"_links":{"self":[{"href":"https:\/\/www.elegantour.com\/ru\/wp-json\/wp\/v2\/pages\/15267","targetHints":{"allow":["GET"]}}],"collection":[{"href":"https:\/\/www.elegantour.com\/ru\/wp-json\/wp\/v2\/pages"}],"about":[{"href":"https:\/\/www.elegantour.com\/ru\/wp-json\/wp\/v2\/types\/page"}],"author":[{"embeddable":true,"href":"https:\/\/www.elegantour.com\/ru\/wp-json\/wp\/v2\/users\/1"}],"replies":[{"embeddable":true,"href":"https:\/\/www.elegantour.com\/ru\/wp-json\/wp\/v2\/comments?post=15267"}],"version-history":[{"count":4,"href":"https:\/\/www.elegantour.com\/ru\/wp-json\/wp\/v2\/pages\/15267\/revisions"}],"predecessor-version":[{"id":15782,"href":"https:\/\/www.elegantour.com\/ru\/wp-json\/wp\/v2\/pages\/15267\/revisions\/15782"}],"up":[{"embeddable":true,"href":"https:\/\/www.elegantour.com\/ru\/wp-json\/wp\/v2\/pages\/15324"}],"wp:attachment":[{"href":"https:\/\/www.elegantour.com\/ru\/wp-json\/wp\/v2\/media?parent=15267"}],"curies":[{"name":"wp","href":"https:\/\/api.w.org\/{rel}","templated":true}]}}